{"id":343546,"date":"2024-10-31T10:47:03","date_gmt":"2024-10-31T09:47:03","guid":{"rendered":"https:\/\/www.arclite-shop.de\/produkt\/476-tc40389-00-56-51\/"},"modified":"2026-04-18T16:05:57","modified_gmt":"2026-04-18T14:05:57","slug":"476-tc40389-00-56-51","status":"publish","type":"product","link":"https:\/\/www.arclite-shop.de\/fr\/produkt\/476-tc40389-00-56-51\/","title":{"rendered":"trackFFECT 5 - DALI \u00c9clairage Centr\u00e9 sur l\u2019Humain Pivotant blanc 36W 60\u00b0 1800-16000K\/RGB CRI90 476-TC40389.00.56.51"},"content":{"rendered":"<p>Kardanische LED Einbauleuchte f\u00fcr anspruchsvolle biorhythmische Lichtl\u00f6sungen. Hochdurchl\u00e4ssiges Schutzglas. Hocheffizienter, segmentierter Reflektor. Schwenkbereich 30\u00b0. Farbtemperatur 1.800 K bis 16.000 K mit hoher Farbortstabilit\u00e4t. Farbtemperatur entlang der Planckschen Kurve. Individuelle Ansteuerung aller RGBW-Farben innerhalb des PI-LED Farbraumes. Farbtoleranz 4 SDCM, Farbwiedergabe CRI 90 (4.000K). Lichtstromr\u00fcckgang nach 50.000h L80\/B10. Lichtstromr\u00fcckgang nach 66.000h L90\/B10. 5 Jahre Garantie. PI LED. DALI DT8<\/p>\n","protected":false},"excerpt":{"rendered":"<p>Kardanische LED Einbauleuchte f\u00fcr anspruchsvolle biorhythmische Lichtl\u00f6sungen. Hochdurchl\u00e4ssiges Schutzglas. Hocheffizienter, segmentierter Reflektor. Schwenkbereich 30\u00b0. Farbtemperatur 1.800 K bis 16.000 K mit hoher Farbortstabilit\u00e4t. Farbtemperatur entlang der Planckschen Kurve. Individuelle Ansteuerung aller RGBW-Farben innerhalb des PI-LED Farbraumes. Farbtoleranz 4 SDCM, Farbwiedergabe<span class=\"excerpt-hellip\"> [\u2026]<\/span><\/p>\n","protected":false},"featured_media":368054,"template":"","meta":[],"product_brand":[],"product_cat":[85554],"product_tag":[],"class_list":{"0":"post-343546","1":"product","2":"type-product","3":"status-publish","4":"has-post-thumbnail","6":"product_cat-human-centric-lighting","8":"first","9":"instock","10":"taxable","11":"shipping-taxable","12":"product-type-simple"},"_links":{"self":[{"href":"https:\/\/www.arclite-shop.de\/fr\/wp-json\/wp\/v2\/product\/343546","targetHints":{"allow":["GET"]}}],"collection":[{"href":"https:\/\/www.arclite-shop.de\/fr\/wp-json\/wp\/v2\/product"}],"about":[{"href":"https:\/\/www.arclite-shop.de\/fr\/wp-json\/wp\/v2\/types\/product"}],"wp:featuredmedia":[{"embeddable":true,"href":"https:\/\/www.arclite-shop.de\/fr\/wp-json\/wp\/v2\/media\/368054"}],"wp:attachment":[{"href":"https:\/\/www.arclite-shop.de\/fr\/wp-json\/wp\/v2\/media?parent=343546"}],"wp:term":[{"taxonomy":"product_brand","embeddable":true,"href":"https:\/\/www.arclite-shop.de\/fr\/wp-json\/wp\/v2\/product_brand?post=343546"},{"taxonomy":"product_cat","embeddable":true,"href":"https:\/\/www.arclite-shop.de\/fr\/wp-json\/wp\/v2\/product_cat?post=343546"},{"taxonomy":"product_tag","embeddable":true,"href":"https:\/\/www.arclite-shop.de\/fr\/wp-json\/wp\/v2\/product_tag?post=343546"}],"curies":[{"name":"wp","href":"https:\/\/api.w.org\/{rel}","templated":true}]}}