{"id":343517,"date":"2024-10-31T10:46:43","date_gmt":"2024-10-31T09:46:43","guid":{"rendered":"https:\/\/www.arclite-shop.de\/produkt\/752-tc40013-09-56-53\/"},"modified":"2026-04-18T16:11:46","modified_gmt":"2026-04-18T14:11:46","slug":"752-tc40013-09-56-53","status":"publish","type":"product","link":"https:\/\/www.arclite-shop.de\/fr\/produkt\/752-tc40013-09-56-53\/","title":{"rendered":"roundFFECT 80 - N\u00e9oLink \u00c9clairage Centr\u00e9 sur l\u2019Homme Pivotant chrome mat 15W 50\u00b0 1800-16000K CRI90 752-TC40013.09.56.53"},"content":{"rendered":"<p>Kleine LED Einbauleuchte f\u00fcr anspruchsvolle biorhythmische Lichtl\u00f6sungen. Kompaktes Design mit geringer Einbauh\u00f6he. Schwenkbereich 35\u00b0. Variable Farbtemperatur von 1.800K &#8211; 16.000K. Farbtemperatur 1.800 K bis 16.000 K mit hoher Farbortstabilit\u00e4t. Individuelle Ansteuerung aller RGBW-Farben innerhalb des PI-LED Farbraumes. Farbtoleranz 4 SDCM, Farbwiedergabe CRI 90 (4.000K). Lichtstromr\u00fcckgang nach 50.000h L80\/B10. HCL ready &#8211; vorprogrammierter automatischer Tageslichtverlauf. Lichtstromr\u00fcckgang nach 66.000h L90\/B10. 5 Jahre Garantie. PI LED ZigBee<\/p>\n","protected":false},"excerpt":{"rendered":"<p>Kleine LED Einbauleuchte f\u00fcr anspruchsvolle biorhythmische Lichtl\u00f6sungen. Kompaktes Design mit geringer Einbauh\u00f6he. Schwenkbereich 35\u00b0. Variable Farbtemperatur von 1.800K &#8211; 16.000K. Farbtemperatur 1.800 K bis 16.000 K mit hoher Farbortstabilit\u00e4t. Individuelle Ansteuerung aller RGBW-Farben innerhalb des PI-LED Farbraumes. Farbtoleranz 4 SDCM,<span class=\"excerpt-hellip\"> [\u2026]<\/span><\/p>\n","protected":false},"featured_media":368074,"template":"","meta":[],"product_brand":[],"product_cat":[85554],"product_tag":[],"class_list":{"0":"post-343517","1":"product","2":"type-product","3":"status-publish","4":"has-post-thumbnail","6":"product_cat-human-centric-lighting","8":"first","9":"instock","10":"taxable","11":"shipping-taxable","12":"product-type-simple"},"_links":{"self":[{"href":"https:\/\/www.arclite-shop.de\/fr\/wp-json\/wp\/v2\/product\/343517","targetHints":{"allow":["GET"]}}],"collection":[{"href":"https:\/\/www.arclite-shop.de\/fr\/wp-json\/wp\/v2\/product"}],"about":[{"href":"https:\/\/www.arclite-shop.de\/fr\/wp-json\/wp\/v2\/types\/product"}],"wp:featuredmedia":[{"embeddable":true,"href":"https:\/\/www.arclite-shop.de\/fr\/wp-json\/wp\/v2\/media\/368074"}],"wp:attachment":[{"href":"https:\/\/www.arclite-shop.de\/fr\/wp-json\/wp\/v2\/media?parent=343517"}],"wp:term":[{"taxonomy":"product_brand","embeddable":true,"href":"https:\/\/www.arclite-shop.de\/fr\/wp-json\/wp\/v2\/product_brand?post=343517"},{"taxonomy":"product_cat","embeddable":true,"href":"https:\/\/www.arclite-shop.de\/fr\/wp-json\/wp\/v2\/product_cat?post=343517"},{"taxonomy":"product_tag","embeddable":true,"href":"https:\/\/www.arclite-shop.de\/fr\/wp-json\/wp\/v2\/product_tag?post=343517"}],"curies":[{"name":"wp","href":"https:\/\/api.w.org\/{rel}","templated":true}]}}