{"id":343515,"date":"2024-10-31T10:46:41","date_gmt":"2024-10-31T09:46:41","guid":{"rendered":"https:\/\/www.arclite-shop.de\/produkt\/752-tc40024-02-56-51\/"},"modified":"2026-04-18T16:12:17","modified_gmt":"2026-04-18T14:12:17","slug":"752-tc40024-02-56-51","status":"publish","type":"product","link":"https:\/\/www.arclite-shop.de\/fr\/produkt\/752-tc40024-02-56-51\/","title":{"rendered":"squareFFECT 95 - DALI \u00c9clairage Centr\u00e9 sur l\u2019Humain noir rigide 14W 50\u00b0 1800-16000K CRI90 752-TC40024.02.56.51"},"content":{"rendered":"<p>Kleine LED Einbauleuchte f\u00fcr anspruchsvolle biorhythmische Lichtl\u00f6sungen. Kompaktes Design mit geringer Einbauh\u00f6he. Farbtemperatur 1.800 K bis 16.000 K mit hoher Farbortstabilit\u00e4t. Weiche Lichtmischung und gleichm\u00e4\u00dfige Lichtverteilung. Variable Farbtemperatur von 1.800K &#8211; 16.000K. Individuelle Ansteuerung aller RGBW-Farben innerhalb des PI-LED Farbraumes. Farbtoleranz 4 SDCM, Farbwiedergabe CRI 90 (4.000K). Lichtstromr\u00fcckgang nach 50.000h L80\/B10. Temperatur\u00fcberwachung mit automatischer Dimmfunktion. HCL ready &#8211; vorprogrammierter automatischer Tageslichtverlauf. Separates, dimmbares Betriebsger. 5 Jahre Garantie. DALI DT8<\/p>\n","protected":false},"excerpt":{"rendered":"<p>Kleine LED Einbauleuchte f\u00fcr anspruchsvolle biorhythmische Lichtl\u00f6sungen. Kompaktes Design mit geringer Einbauh\u00f6he. Farbtemperatur 1.800 K bis 16.000 K mit hoher Farbortstabilit\u00e4t. Weiche Lichtmischung und gleichm\u00e4\u00dfige Lichtverteilung. Variable Farbtemperatur von 1.800K &#8211; 16.000K. Individuelle Ansteuerung aller RGBW-Farben innerhalb des PI-LED Farbraumes.<span class=\"excerpt-hellip\"> [\u2026]<\/span><\/p>\n","protected":false},"featured_media":368076,"template":"","meta":[],"product_brand":[],"product_cat":[85554],"product_tag":[],"class_list":{"0":"post-343515","1":"product","2":"type-product","3":"status-publish","4":"has-post-thumbnail","6":"product_cat-human-centric-lighting","8":"first","9":"instock","10":"taxable","11":"shipping-taxable","12":"product-type-simple"},"_links":{"self":[{"href":"https:\/\/www.arclite-shop.de\/fr\/wp-json\/wp\/v2\/product\/343515","targetHints":{"allow":["GET"]}}],"collection":[{"href":"https:\/\/www.arclite-shop.de\/fr\/wp-json\/wp\/v2\/product"}],"about":[{"href":"https:\/\/www.arclite-shop.de\/fr\/wp-json\/wp\/v2\/types\/product"}],"wp:featuredmedia":[{"embeddable":true,"href":"https:\/\/www.arclite-shop.de\/fr\/wp-json\/wp\/v2\/media\/368076"}],"wp:attachment":[{"href":"https:\/\/www.arclite-shop.de\/fr\/wp-json\/wp\/v2\/media?parent=343515"}],"wp:term":[{"taxonomy":"product_brand","embeddable":true,"href":"https:\/\/www.arclite-shop.de\/fr\/wp-json\/wp\/v2\/product_brand?post=343515"},{"taxonomy":"product_cat","embeddable":true,"href":"https:\/\/www.arclite-shop.de\/fr\/wp-json\/wp\/v2\/product_cat?post=343515"},{"taxonomy":"product_tag","embeddable":true,"href":"https:\/\/www.arclite-shop.de\/fr\/wp-json\/wp\/v2\/product_tag?post=343515"}],"curies":[{"name":"wp","href":"https:\/\/api.w.org\/{rel}","templated":true}]}}