{"id":343509,"date":"2024-10-31T10:46:37","date_gmt":"2024-10-31T09:46:37","guid":{"rendered":"https:\/\/www.arclite-shop.de\/produkt\/752-tc40304-00-56-51\/"},"modified":"2026-04-18T16:13:09","modified_gmt":"2026-04-18T14:13:09","slug":"752-tc40304-00-56-51","status":"publish","type":"product","link":"https:\/\/www.arclite-shop.de\/fr\/produkt\/752-tc40304-00-56-51\/","title":{"rendered":"penFFECT 555 - DALI \u00c9clairage Centr\u00e9 sur l\u2019Humain blanc 72W 120\u00b0 1800-16000K\/RGB CRI90 752-TC40304.00.56.51"},"content":{"rendered":"<p>High-End LED Objektpendelleuchte f\u00fcr anspruchsvolle biorhythmische Lichtl\u00f6sungen. Wellenartige Formgebung, passend zum Farbverlaufeffekt. Farbtemperatur 1.800 K bis 16.000 K mit hoher Farbortstabilit\u00e4t. Stabiles Geh\u00e4use aus Acrylglas Opal, Materialdicke 4 mm. Deckenbaldachin aus Polystyrol 2 mm wei\u00df matt. Variable Farbtemperatur von 1.800K &#8211; 16.000K. Individuelle Ansteuerung aller RGBW-Farben innerhalb des PI-LED Farbraumes. Farbtoleranz 4 SDCM, Farbwiedergabe CRI 90 (4.000K). Direkt und indirekt getrennt steuerbar. \u00dcberwachung der Betriebstemperatur mit automatischer Dimmschutzfunktion. HCL ready &#8211; vorprogrammierter automatischer Tageslichtverlauf. Integriertes, dimmbares Betriebsger\u00e4t. 5 Jahre Garantie. DALI DT8<\/p>\n","protected":false},"excerpt":{"rendered":"<p>High-End LED Objektpendelleuchte f\u00fcr anspruchsvolle biorhythmische Lichtl\u00f6sungen. Wellenartige Formgebung, passend zum Farbverlaufeffekt. Farbtemperatur 1.800 K bis 16.000 K mit hoher Farbortstabilit\u00e4t. Stabiles Geh\u00e4use aus Acrylglas Opal, Materialdicke 4 mm. Deckenbaldachin aus Polystyrol 2 mm wei\u00df matt. Variable Farbtemperatur von 1.800K<span class=\"excerpt-hellip\"> [\u2026]<\/span><\/p>\n","protected":false},"featured_media":368078,"template":"","meta":[],"product_brand":[],"product_cat":[85554],"product_tag":[],"class_list":{"0":"post-343509","1":"product","2":"type-product","3":"status-publish","4":"has-post-thumbnail","6":"product_cat-human-centric-lighting","8":"first","9":"instock","10":"taxable","11":"shipping-taxable","12":"product-type-simple"},"_links":{"self":[{"href":"https:\/\/www.arclite-shop.de\/fr\/wp-json\/wp\/v2\/product\/343509","targetHints":{"allow":["GET"]}}],"collection":[{"href":"https:\/\/www.arclite-shop.de\/fr\/wp-json\/wp\/v2\/product"}],"about":[{"href":"https:\/\/www.arclite-shop.de\/fr\/wp-json\/wp\/v2\/types\/product"}],"wp:featuredmedia":[{"embeddable":true,"href":"https:\/\/www.arclite-shop.de\/fr\/wp-json\/wp\/v2\/media\/368078"}],"wp:attachment":[{"href":"https:\/\/www.arclite-shop.de\/fr\/wp-json\/wp\/v2\/media?parent=343509"}],"wp:term":[{"taxonomy":"product_brand","embeddable":true,"href":"https:\/\/www.arclite-shop.de\/fr\/wp-json\/wp\/v2\/product_brand?post=343509"},{"taxonomy":"product_cat","embeddable":true,"href":"https:\/\/www.arclite-shop.de\/fr\/wp-json\/wp\/v2\/product_cat?post=343509"},{"taxonomy":"product_tag","embeddable":true,"href":"https:\/\/www.arclite-shop.de\/fr\/wp-json\/wp\/v2\/product_tag?post=343509"}],"curies":[{"name":"wp","href":"https:\/\/api.w.org\/{rel}","templated":true}]}}