{"id":343445,"date":"2024-10-31T10:43:05","date_gmt":"2024-10-31T09:43:05","guid":{"rendered":"https:\/\/www.arclite-shop.de\/produkt\/886-aa1100257\/"},"modified":"2026-04-18T16:14:40","modified_gmt":"2026-04-18T14:14:40","slug":"886-aa1100257","status":"publish","type":"product","link":"https:\/\/www.arclite-shop.de\/fr\/produkt\/886-aa1100257\/","title":{"rendered":"T\u00e9l\u00e9commande pour Highbay H40 AA1100257"},"content":{"rendered":"<p>Fernbedienung f\u00fcr HB 40 zur einfachen, schnellen und unkomplizierten Umstellung.<\/p>\n","protected":false},"excerpt":{"rendered":"<p>Fernbedienung f\u00fcr HB 40 zur einfachen, schnellen und unkomplizierten Umstellung.<\/p>\n","protected":false},"featured_media":926645,"template":"","meta":[],"product_brand":[],"product_cat":[85162],"product_tag":[],"class_list":{"0":"post-343445","1":"product","2":"type-product","3":"status-publish","4":"has-post-thumbnail","6":"product_cat-fernbedienung","8":"first","9":"instock","10":"taxable","11":"shipping-taxable","12":"product-type-simple"},"_links":{"self":[{"href":"https:\/\/www.arclite-shop.de\/fr\/wp-json\/wp\/v2\/product\/343445","targetHints":{"allow":["GET"]}}],"collection":[{"href":"https:\/\/www.arclite-shop.de\/fr\/wp-json\/wp\/v2\/product"}],"about":[{"href":"https:\/\/www.arclite-shop.de\/fr\/wp-json\/wp\/v2\/types\/product"}],"wp:featuredmedia":[{"embeddable":true,"href":"https:\/\/www.arclite-shop.de\/fr\/wp-json\/wp\/v2\/media\/926645"}],"wp:attachment":[{"href":"https:\/\/www.arclite-shop.de\/fr\/wp-json\/wp\/v2\/media?parent=343445"}],"wp:term":[{"taxonomy":"product_brand","embeddable":true,"href":"https:\/\/www.arclite-shop.de\/fr\/wp-json\/wp\/v2\/product_brand?post=343445"},{"taxonomy":"product_cat","embeddable":true,"href":"https:\/\/www.arclite-shop.de\/fr\/wp-json\/wp\/v2\/product_cat?post=343445"},{"taxonomy":"product_tag","embeddable":true,"href":"https:\/\/www.arclite-shop.de\/fr\/wp-json\/wp\/v2\/product_tag?post=343445"}],"curies":[{"name":"wp","href":"https:\/\/api.w.org\/{rel}","templated":true}]}}