{"id":343436,"date":"2024-10-31T10:43:00","date_gmt":"2024-10-31T09:43:00","guid":{"rendered":"https:\/\/www.arclite-shop.de\/produkt\/873-aa1100213\/"},"modified":"2026-04-18T16:15:07","modified_gmt":"2026-04-18T14:15:07","slug":"873-aa1100213","status":"publish","type":"product","link":"https:\/\/www.arclite-shop.de\/fr\/produkt\/873-aa1100213\/","title":{"rendered":"Suspension en corde r\u00e9gl\u00e9e pour squareCENTURY 625 BAP r\u00e9tro\u00e9clair\u00e9 AA1100213"},"content":{"rendered":"<p>Montagekit f\u00fcr Pendelversion. Bestehend aus 4 Befestigungswinkeln, inkl. Schrauben, Drahtseilen zur Abh\u00e4ngung mit Justierungselement.<\/p>\n","protected":false},"excerpt":{"rendered":"<p>Montagekit f\u00fcr Pendelversion. Bestehend aus 4 Befestigungswinkeln, inkl. Schrauben, Drahtseilen zur Abh\u00e4ngung mit Justierungselement.<\/p>\n","protected":false},"featured_media":368092,"template":"","meta":[],"product_brand":[],"product_cat":[84591],"product_tag":[],"class_list":{"0":"post-343436","1":"product","2":"type-product","3":"status-publish","4":"has-post-thumbnail","6":"product_cat-mechanisches-zubehoer-ersatzteile-fuer-leuchten","8":"first","9":"outofstock","10":"taxable","11":"shipping-taxable","12":"product-type-simple"},"_links":{"self":[{"href":"https:\/\/www.arclite-shop.de\/fr\/wp-json\/wp\/v2\/product\/343436","targetHints":{"allow":["GET"]}}],"collection":[{"href":"https:\/\/www.arclite-shop.de\/fr\/wp-json\/wp\/v2\/product"}],"about":[{"href":"https:\/\/www.arclite-shop.de\/fr\/wp-json\/wp\/v2\/types\/product"}],"wp:featuredmedia":[{"embeddable":true,"href":"https:\/\/www.arclite-shop.de\/fr\/wp-json\/wp\/v2\/media\/368092"}],"wp:attachment":[{"href":"https:\/\/www.arclite-shop.de\/fr\/wp-json\/wp\/v2\/media?parent=343436"}],"wp:term":[{"taxonomy":"product_brand","embeddable":true,"href":"https:\/\/www.arclite-shop.de\/fr\/wp-json\/wp\/v2\/product_brand?post=343436"},{"taxonomy":"product_cat","embeddable":true,"href":"https:\/\/www.arclite-shop.de\/fr\/wp-json\/wp\/v2\/product_cat?post=343436"},{"taxonomy":"product_tag","embeddable":true,"href":"https:\/\/www.arclite-shop.de\/fr\/wp-json\/wp\/v2\/product_tag?post=343436"}],"curies":[{"name":"wp","href":"https:\/\/api.w.org\/{rel}","templated":true}]}}