{"id":343429,"date":"2024-10-31T10:42:55","date_gmt":"2024-10-31T09:42:55","guid":{"rendered":"https:\/\/www.arclite-shop.de\/produkt\/873-cv100w24cg\/"},"modified":"2026-04-18T16:16:30","modified_gmt":"2026-04-18T14:16:30","slug":"873-cv100w24cg","status":"publish","type":"product","link":"https:\/\/www.arclite-shop.de\/fr\/produkt\/873-cv100w24cg\/","title":{"rendered":"Driver LED KGP Tension constante 220-240V, 50-60Hz, 24V, dimmable -triac, IP20 CV100W24CG"},"content":{"rendered":"<p>Konstantspannung LED-Treiber, Triac Dimmung 10%-100%, Nur f\u00fcr Innenbereich, 91% Effizienz, Ausgangsspannung 24V, Ausgangsstrom 1400-4200mA, Ausgangsleistung max.100W, \u00dcberlastschutz, Kurzschlussschutz, Leerlaufschutz, \u00dcbertemperaturschutz, 5 Jahre Garantie.<\/p>\n","protected":false},"excerpt":{"rendered":"<p>Konstantspannung LED-Treiber, Triac Dimmung 10%-100%, Nur f\u00fcr Innenbereich, 91% Effizienz, Ausgangsspannung 24V, Ausgangsstrom 1400-4200mA, Ausgangsleistung max.100W, \u00dcberlastschutz, Kurzschlussschutz, Leerlaufschutz, \u00dcbertemperaturschutz, 5 Jahre Garantie.<\/p>\n","protected":false},"featured_media":368106,"template":"","meta":[],"product_brand":[],"product_cat":[84631],"product_tag":[],"class_list":{"0":"post-343429","1":"product","2":"type-product","3":"status-publish","4":"has-post-thumbnail","6":"product_cat-led-betriebsgeraet","8":"first","9":"instock","10":"taxable","11":"shipping-taxable","12":"product-type-simple"},"_links":{"self":[{"href":"https:\/\/www.arclite-shop.de\/fr\/wp-json\/wp\/v2\/product\/343429","targetHints":{"allow":["GET"]}}],"collection":[{"href":"https:\/\/www.arclite-shop.de\/fr\/wp-json\/wp\/v2\/product"}],"about":[{"href":"https:\/\/www.arclite-shop.de\/fr\/wp-json\/wp\/v2\/types\/product"}],"wp:featuredmedia":[{"embeddable":true,"href":"https:\/\/www.arclite-shop.de\/fr\/wp-json\/wp\/v2\/media\/368106"}],"wp:attachment":[{"href":"https:\/\/www.arclite-shop.de\/fr\/wp-json\/wp\/v2\/media?parent=343429"}],"wp:term":[{"taxonomy":"product_brand","embeddable":true,"href":"https:\/\/www.arclite-shop.de\/fr\/wp-json\/wp\/v2\/product_brand?post=343429"},{"taxonomy":"product_cat","embeddable":true,"href":"https:\/\/www.arclite-shop.de\/fr\/wp-json\/wp\/v2\/product_cat?post=343429"},{"taxonomy":"product_tag","embeddable":true,"href":"https:\/\/www.arclite-shop.de\/fr\/wp-json\/wp\/v2\/product_tag?post=343429"}],"curies":[{"name":"wp","href":"https:\/\/api.w.org\/{rel}","templated":true}]}}