{"id":343265,"date":"2024-10-31T10:41:09","date_gmt":"2024-10-31T09:41:09","guid":{"rendered":"https:\/\/www.arclite-shop.de\/produkt\/850-996412001\/"},"modified":"2026-04-18T16:28:10","modified_gmt":"2026-04-18T14:28:10","slug":"850-996412001","status":"publish","type":"product","link":"https:\/\/www.arclite-shop.de\/fr\/produkt\/850-996412001\/","title":{"rendered":"Insert de chenilles triphas\u00e9 int\u00e9gr\u00e9 dans le profil aluminium, 2000 mm blanc pour la carrosserie Easyline 996412001"},"content":{"rendered":"<p>2000mm Stromschiene als Einsatz in Easyline Tragschiene \/aufbau \/, wei\u00df<\/p>\n","protected":false},"excerpt":{"rendered":"<p>2000mm Stromschiene als Einsatz in Easyline Tragschiene \/aufbau \/, wei\u00df<\/p>\n","protected":false},"featured_media":368228,"template":"","meta":[],"product_brand":[],"product_cat":[84574],"product_tag":[],"class_list":{"0":"post-343265","1":"product","2":"type-product","3":"status-publish","4":"has-post-thumbnail","6":"product_cat-elektrisches-zubehoer-ersatzteile-fuer-leuchten","8":"first","9":"instock","10":"taxable","11":"shipping-taxable","12":"product-type-simple"},"_links":{"self":[{"href":"https:\/\/www.arclite-shop.de\/fr\/wp-json\/wp\/v2\/product\/343265","targetHints":{"allow":["GET"]}}],"collection":[{"href":"https:\/\/www.arclite-shop.de\/fr\/wp-json\/wp\/v2\/product"}],"about":[{"href":"https:\/\/www.arclite-shop.de\/fr\/wp-json\/wp\/v2\/types\/product"}],"wp:featuredmedia":[{"embeddable":true,"href":"https:\/\/www.arclite-shop.de\/fr\/wp-json\/wp\/v2\/media\/368228"}],"wp:attachment":[{"href":"https:\/\/www.arclite-shop.de\/fr\/wp-json\/wp\/v2\/media?parent=343265"}],"wp:term":[{"taxonomy":"product_brand","embeddable":true,"href":"https:\/\/www.arclite-shop.de\/fr\/wp-json\/wp\/v2\/product_brand?post=343265"},{"taxonomy":"product_cat","embeddable":true,"href":"https:\/\/www.arclite-shop.de\/fr\/wp-json\/wp\/v2\/product_cat?post=343265"},{"taxonomy":"product_tag","embeddable":true,"href":"https:\/\/www.arclite-shop.de\/fr\/wp-json\/wp\/v2\/product_tag?post=343265"}],"curies":[{"name":"wp","href":"https:\/\/api.w.org\/{rel}","templated":true}]}}