{"id":343255,"date":"2024-10-31T10:41:02","date_gmt":"2024-10-31T09:41:02","guid":{"rendered":"https:\/\/www.arclite-shop.de\/produkt\/850-9954019\/"},"modified":"2026-04-18T16:29:27","modified_gmt":"2026-04-18T14:29:27","slug":"850-9954019","status":"publish","type":"product","link":"https:\/\/www.arclite-shop.de\/fr\/produkt\/850-9954019\/","title":{"rendered":"Blind plate en aluminium, \u00e9luxis\u00e9e pour la carrosserie Easyline 9954019"},"content":{"rendered":"<p>Lineare Blindabdeckung aus Aluminium f\u00fcr Easyline, eluxiert<\/p>\n","protected":false},"excerpt":{"rendered":"<p>Lineare Blindabdeckung aus Aluminium f\u00fcr Easyline, eluxiert<\/p>\n","protected":false},"featured_media":368230,"template":"","meta":[],"product_brand":[],"product_cat":[84591],"product_tag":[],"class_list":{"0":"post-343255","1":"product","2":"type-product","3":"status-publish","4":"has-post-thumbnail","6":"product_cat-mechanisches-zubehoer-ersatzteile-fuer-leuchten","8":"first","9":"instock","10":"taxable","11":"shipping-taxable","12":"product-type-simple"},"_links":{"self":[{"href":"https:\/\/www.arclite-shop.de\/fr\/wp-json\/wp\/v2\/product\/343255","targetHints":{"allow":["GET"]}}],"collection":[{"href":"https:\/\/www.arclite-shop.de\/fr\/wp-json\/wp\/v2\/product"}],"about":[{"href":"https:\/\/www.arclite-shop.de\/fr\/wp-json\/wp\/v2\/types\/product"}],"wp:featuredmedia":[{"embeddable":true,"href":"https:\/\/www.arclite-shop.de\/fr\/wp-json\/wp\/v2\/media\/368230"}],"wp:attachment":[{"href":"https:\/\/www.arclite-shop.de\/fr\/wp-json\/wp\/v2\/media?parent=343255"}],"wp:term":[{"taxonomy":"product_brand","embeddable":true,"href":"https:\/\/www.arclite-shop.de\/fr\/wp-json\/wp\/v2\/product_brand?post=343255"},{"taxonomy":"product_cat","embeddable":true,"href":"https:\/\/www.arclite-shop.de\/fr\/wp-json\/wp\/v2\/product_cat?post=343255"},{"taxonomy":"product_tag","embeddable":true,"href":"https:\/\/www.arclite-shop.de\/fr\/wp-json\/wp\/v2\/product_tag?post=343255"}],"curies":[{"name":"wp","href":"https:\/\/api.w.org\/{rel}","templated":true}]}}