{"id":343183,"date":"2024-10-31T10:40:13","date_gmt":"2024-10-31T09:40:13","guid":{"rendered":"https:\/\/www.arclite-shop.de\/produkt\/850-820662\/"},"modified":"2026-04-18T16:36:30","modified_gmt":"2026-04-18T14:36:30","slug":"850-820662","status":"publish","type":"product","link":"https:\/\/www.arclite-shop.de\/fr\/produkt\/850-820662\/","title":{"rendered":"Entretoise en m\u00e9tal, grise, 3 pi\u00e8ces n\u00e9cessaires pour le corps Morfi 8206"},"content":{"rendered":"<p>Distanzteil aus Metal f\u00fcr Morfi Aufbau, grau, AD 20mm, H:70mm. <\/p>\n","protected":false},"excerpt":{"rendered":"<p>Distanzteil aus Metal f\u00fcr Morfi Aufbau, grau, AD 20mm, H:70mm.<\/p>\n","protected":false},"featured_media":368252,"template":"","meta":[],"product_brand":[],"product_cat":[84591],"product_tag":[],"class_list":{"0":"post-343183","1":"product","2":"type-product","3":"status-publish","4":"has-post-thumbnail","6":"product_cat-mechanisches-zubehoer-ersatzteile-fuer-leuchten","8":"first","9":"instock","10":"taxable","11":"shipping-taxable","12":"product-type-simple"},"_links":{"self":[{"href":"https:\/\/www.arclite-shop.de\/fr\/wp-json\/wp\/v2\/product\/343183","targetHints":{"allow":["GET"]}}],"collection":[{"href":"https:\/\/www.arclite-shop.de\/fr\/wp-json\/wp\/v2\/product"}],"about":[{"href":"https:\/\/www.arclite-shop.de\/fr\/wp-json\/wp\/v2\/types\/product"}],"wp:featuredmedia":[{"embeddable":true,"href":"https:\/\/www.arclite-shop.de\/fr\/wp-json\/wp\/v2\/media\/368252"}],"wp:attachment":[{"href":"https:\/\/www.arclite-shop.de\/fr\/wp-json\/wp\/v2\/media?parent=343183"}],"wp:term":[{"taxonomy":"product_brand","embeddable":true,"href":"https:\/\/www.arclite-shop.de\/fr\/wp-json\/wp\/v2\/product_brand?post=343183"},{"taxonomy":"product_cat","embeddable":true,"href":"https:\/\/www.arclite-shop.de\/fr\/wp-json\/wp\/v2\/product_cat?post=343183"},{"taxonomy":"product_tag","embeddable":true,"href":"https:\/\/www.arclite-shop.de\/fr\/wp-json\/wp\/v2\/product_tag?post=343183"}],"curies":[{"name":"wp","href":"https:\/\/api.w.org\/{rel}","templated":true}]}}