{"id":343093,"date":"2024-10-31T10:39:14","date_gmt":"2024-10-31T09:39:14","guid":{"rendered":"https:\/\/www.arclite-shop.de\/produkt\/752-aa1100167\/"},"modified":"2026-04-18T16:47:14","modified_gmt":"2026-04-18T14:47:14","slug":"752-aa1100167","status":"publish","type":"product","link":"https:\/\/www.arclite-shop.de\/fr\/produkt\/752-aa1100167\/","title":{"rendered":"DALI PS1 pour le programme FFECT AA1100167"},"content":{"rendered":"<p>DALI PS, Spannungsversorgung f\u00fcr den FFECT DALI DT8 Kreis (pro Kreis ein St\u00fcck), Installationsvorschriften f\u00fcr Niederspannung (DALI ist nicht SELV), Installation auf Hutschiene, Versorgungsspannung 4W, Ausgang DALI, Max. Ausgangsstrom 250mA, -20\u00b0C &#8211; +55\u00b0C, IP20, Anschlusskabel max. 2.5mm\u00b2, L98mm x B17mm x H56mm.<\/p>\n","protected":false},"excerpt":{"rendered":"<p>DALI PS, Spannungsversorgung f\u00fcr den FFECT DALI DT8 Kreis (pro Kreis ein St\u00fcck), Installationsvorschriften f\u00fcr Niederspannung (DALI ist nicht SELV), Installation auf Hutschiene, Versorgungsspannung 4W, Ausgang DALI, Max. Ausgangsstrom 250mA, -20\u00b0C &#8211; +55\u00b0C, IP20, Anschlusskabel max. 2.5mm\u00b2, L98mm x B17mm<span class=\"excerpt-hellip\"> [\u2026]<\/span><\/p>\n","protected":false},"featured_media":368298,"template":"","meta":[],"product_brand":[],"product_cat":[84938],"product_tag":[],"class_list":{"0":"post-343093","1":"product","2":"type-product","3":"status-publish","4":"has-post-thumbnail","6":"product_cat-steuergeraet-fuer-leuchten","8":"first","9":"instock","10":"taxable","11":"shipping-taxable","12":"product-type-simple"},"_links":{"self":[{"href":"https:\/\/www.arclite-shop.de\/fr\/wp-json\/wp\/v2\/product\/343093","targetHints":{"allow":["GET"]}}],"collection":[{"href":"https:\/\/www.arclite-shop.de\/fr\/wp-json\/wp\/v2\/product"}],"about":[{"href":"https:\/\/www.arclite-shop.de\/fr\/wp-json\/wp\/v2\/types\/product"}],"wp:featuredmedia":[{"embeddable":true,"href":"https:\/\/www.arclite-shop.de\/fr\/wp-json\/wp\/v2\/media\/368298"}],"wp:attachment":[{"href":"https:\/\/www.arclite-shop.de\/fr\/wp-json\/wp\/v2\/media?parent=343093"}],"wp:term":[{"taxonomy":"product_brand","embeddable":true,"href":"https:\/\/www.arclite-shop.de\/fr\/wp-json\/wp\/v2\/product_brand?post=343093"},{"taxonomy":"product_cat","embeddable":true,"href":"https:\/\/www.arclite-shop.de\/fr\/wp-json\/wp\/v2\/product_cat?post=343093"},{"taxonomy":"product_tag","embeddable":true,"href":"https:\/\/www.arclite-shop.de\/fr\/wp-json\/wp\/v2\/product_tag?post=343093"}],"curies":[{"name":"wp","href":"https:\/\/api.w.org\/{rel}","templated":true}]}}