{"id":343085,"date":"2024-10-31T10:39:09","date_gmt":"2024-10-31T09:39:09","guid":{"rendered":"https:\/\/www.arclite-shop.de\/produkt\/752-aa1100160\/"},"modified":"2026-04-18T16:48:22","modified_gmt":"2026-04-18T14:48:22","slug":"752-aa1100160","status":"publish","type":"product","link":"https:\/\/www.arclite-shop.de\/fr\/produkt\/752-aa1100160\/","title":{"rendered":"Installation de contr\u00f4le mural pour le programme FFECT AA1100160"},"content":{"rendered":"<p>Wandsteuerung Einbau PI-LED K-ZWALLY 4.2 zur Steuerung von FFECT NeoLInk\/Zigbee Leuchten, Stufenlose Regelung der Helligkeit (1 % \u2013 100 %) und der Farbtemperatur (1.800 K \u201316.000 K) sowie Farbdurchlauf, Integration in ein \u00fcbergeordnetes Netzwerk m\u00f6glich (ausgehend von einer NeoLink Box, einem NeoLink USB Stick oder einem Amazon Echo Plus Ger\u00e4t), Ein bau in herk\u00f6mmlichen Unterputz Ger\u00e4tedosen mit einer Mindesttiefe von 61 mm, HCL-Modus UTC+1 CH \u201eAutomatischer Tageslichtverlauf\u201c inklusive Ber\u00fccksichtigung von direkten und indirekten Lichtanteilen. Saisonaler Verlauf \u201eResidential\u201c UTC &#8211; SOMMER &#8211; Max. 12.990 K indirekt, Max. 6.495 K direkt, 1.800 K zwischen<br \/>\n21:30 und 02:30 Uhr. FR\u00dcHLING HERBST &#8211; Max. 12.050 K indirekt, Max. 6.495 K direkt, 1.800 K zwischen 18:45 und 05:15 Uhr. WINTER &#8211; Max. 11.160 K indirekt, Max. 5.580 K direkt, 1.800 K zwischen 16:30 und 07:30 Uhr. Wird das vom Wally gesteuerte Licht zwischen 23:30 und 05:00 eingeschaltet,<br \/>\nwird automatisch ein Dimmlevel von 5% bei 1.800 K eingestellt.  <\/p>\n","protected":false},"excerpt":{"rendered":"<p>Wandsteuerung Einbau PI-LED K-ZWALLY 4.2 zur Steuerung von FFECT NeoLInk\/Zigbee Leuchten, Stufenlose Regelung der Helligkeit (1 % \u2013 100 %) und der Farbtemperatur (1.800 K \u201316.000 K) sowie Farbdurchlauf, Integration in ein \u00fcbergeordnetes Netzwerk m\u00f6glich (ausgehend von einer NeoLink Box,<span class=\"excerpt-hellip\"> [\u2026]<\/span><\/p>\n","protected":false},"featured_media":368316,"template":"","meta":[],"product_brand":[],"product_cat":[84938],"product_tag":[],"class_list":{"0":"post-343085","1":"product","2":"type-product","3":"status-publish","4":"has-post-thumbnail","6":"product_cat-steuergeraet-fuer-leuchten","8":"first","9":"instock","10":"taxable","11":"shipping-taxable","12":"product-type-simple"},"_links":{"self":[{"href":"https:\/\/www.arclite-shop.de\/fr\/wp-json\/wp\/v2\/product\/343085","targetHints":{"allow":["GET"]}}],"collection":[{"href":"https:\/\/www.arclite-shop.de\/fr\/wp-json\/wp\/v2\/product"}],"about":[{"href":"https:\/\/www.arclite-shop.de\/fr\/wp-json\/wp\/v2\/types\/product"}],"wp:featuredmedia":[{"embeddable":true,"href":"https:\/\/www.arclite-shop.de\/fr\/wp-json\/wp\/v2\/media\/368316"}],"wp:attachment":[{"href":"https:\/\/www.arclite-shop.de\/fr\/wp-json\/wp\/v2\/media?parent=343085"}],"wp:term":[{"taxonomy":"product_brand","embeddable":true,"href":"https:\/\/www.arclite-shop.de\/fr\/wp-json\/wp\/v2\/product_brand?post=343085"},{"taxonomy":"product_cat","embeddable":true,"href":"https:\/\/www.arclite-shop.de\/fr\/wp-json\/wp\/v2\/product_cat?post=343085"},{"taxonomy":"product_tag","embeddable":true,"href":"https:\/\/www.arclite-shop.de\/fr\/wp-json\/wp\/v2\/product_tag?post=343085"}],"curies":[{"name":"wp","href":"https:\/\/api.w.org\/{rel}","templated":true}]}}