{"id":343065,"date":"2024-10-31T10:38:57","date_gmt":"2024-10-31T09:38:57","guid":{"rendered":"https:\/\/www.arclite-shop.de\/produkt\/73-28003939\/"},"modified":"2026-04-18T16:49:13","modified_gmt":"2026-04-18T14:49:13","slug":"73-28003939","status":"publish","type":"product","link":"https:\/\/www.arclite-shop.de\/fr\/produkt\/73-28003939\/","title":{"rendered":"TRIDONIC LED Driver \u00e0 courant constant smartSWITCH SFI 10 HF 5DP bDW 28003939"},"content":{"rendered":"<p>Bestandteil des basicDIM Wireless Systems (Casambi ready), Drahtlose Steuerung mittels Android- \/ iOS-Ger\u00e4t, Kein externes Gateway notwendig, Baut automatisch ein drahtloses Kommunikationsnetzwerk mit bis zu 250 Nodes auf, Als unabh\u00e4ngiges Relais oder Sensor verwendbar (einstellbar durch Profile), Bewegungsmelder f\u00fcr den Leuchteneinbau, Bewegungserfassung auch durch Glas und d\u00fcnne Materialien (au\u00dfer Metall), Zum automatischen Ein- und Ausschalten von Leuchten mit elektronischen Vorschaltger\u00e4ten und LED-Treibern, Bright-Out-Funktion: Kein Einschalten der Leuchte bei ausreichender Helligkeit, Verz\u00f6gerungszeit, Erfassungsbereich und Lichtwert der Bright-Out-Funktion einstellbar \u00fcber 4remoteBT App, Max. Installationsh\u00f6he 5 m, Einstellbarer Erfassungsbereich (100 \u2013 10 %), Schaltet bei Nulldurchgang, 5 Jahre Garantie<\/p>\n","protected":false},"excerpt":{"rendered":"<p>Bestandteil des basicDIM Wireless Systems (Casambi ready), Drahtlose Steuerung mittels Android- \/ iOS-Ger\u00e4t, Kein externes Gateway notwendig, Baut automatisch ein drahtloses Kommunikationsnetzwerk mit bis zu 250 Nodes auf, Als unabh\u00e4ngiges Relais oder Sensor verwendbar (einstellbar durch Profile), Bewegungsmelder f\u00fcr den<span class=\"excerpt-hellip\"> [\u2026]<\/span><\/p>\n","protected":false},"featured_media":368336,"template":"","meta":[],"product_brand":[],"product_cat":[84959],"product_tag":[],"class_list":{"0":"post-343065","1":"product","2":"type-product","3":"status-publish","4":"has-post-thumbnail","6":"product_cat-lichtregelsystemkomponente","8":"first","9":"instock","10":"taxable","11":"shipping-taxable","12":"product-type-simple"},"_links":{"self":[{"href":"https:\/\/www.arclite-shop.de\/fr\/wp-json\/wp\/v2\/product\/343065","targetHints":{"allow":["GET"]}}],"collection":[{"href":"https:\/\/www.arclite-shop.de\/fr\/wp-json\/wp\/v2\/product"}],"about":[{"href":"https:\/\/www.arclite-shop.de\/fr\/wp-json\/wp\/v2\/types\/product"}],"wp:featuredmedia":[{"embeddable":true,"href":"https:\/\/www.arclite-shop.de\/fr\/wp-json\/wp\/v2\/media\/368336"}],"wp:attachment":[{"href":"https:\/\/www.arclite-shop.de\/fr\/wp-json\/wp\/v2\/media?parent=343065"}],"wp:term":[{"taxonomy":"product_brand","embeddable":true,"href":"https:\/\/www.arclite-shop.de\/fr\/wp-json\/wp\/v2\/product_brand?post=343065"},{"taxonomy":"product_cat","embeddable":true,"href":"https:\/\/www.arclite-shop.de\/fr\/wp-json\/wp\/v2\/product_cat?post=343065"},{"taxonomy":"product_tag","embeddable":true,"href":"https:\/\/www.arclite-shop.de\/fr\/wp-json\/wp\/v2\/product_tag?post=343065"}],"curies":[{"name":"wp","href":"https:\/\/api.w.org\/{rel}","templated":true}]}}