{"id":343043,"date":"2024-10-31T10:38:45","date_gmt":"2024-10-31T09:38:45","guid":{"rendered":"https:\/\/www.arclite-shop.de\/produkt\/73-28004120\/"},"modified":"2026-04-18T16:49:51","modified_gmt":"2026-04-18T14:49:51","slug":"73-28004120","status":"publish","type":"product","link":"https:\/\/www.arclite-shop.de\/fr\/produkt\/73-28004120\/","title":{"rendered":"TRIDONIC LED Driver \u00e0 courant constant LC 19\/200-350\/54 flexC LP SNC4 28004120"},"content":{"rendered":"<p>Konstantstrom-LED-Treiber f\u00fcr den Leuchteneinbau, F\u00fcr Leuchten der Schutzklasse I und der Schutzklasse II, Temperaturschutz gem\u00e4\u00df EN 61347-2-13 C5e, W\u00e4hlbarer fixer Ausgangsstrom 350, 300, 250 und 200 mA, Max. Ausgangsleistung 18,9 W, Bis zu 85,5 % Effizienz, Nominale Lebensdauer bis zu 50.000 h, 5 Jahre Garantie, Geh\u00e4use: Metall, wei\u00df, Schutzart IP20, \u00dcberlastschutz, Kurzschlussschutz, Leerlaufschutz<\/p>\n","protected":false},"excerpt":{"rendered":"<p>Konstantstrom-LED-Treiber f\u00fcr den Leuchteneinbau, F\u00fcr Leuchten der Schutzklasse I und der Schutzklasse II, Temperaturschutz gem\u00e4\u00df EN 61347-2-13 C5e, W\u00e4hlbarer fixer Ausgangsstrom 350, 300, 250 und 200 mA, Max. Ausgangsleistung 18,9 W, Bis zu 85,5 % Effizienz, Nominale Lebensdauer bis zu<span class=\"excerpt-hellip\"> [\u2026]<\/span><\/p>\n","protected":false},"featured_media":257970,"template":"","meta":[],"product_brand":[],"product_cat":[84631],"product_tag":[],"class_list":{"0":"post-343043","1":"product","2":"type-product","3":"status-publish","4":"has-post-thumbnail","6":"product_cat-led-betriebsgeraet","8":"first","9":"instock","10":"taxable","11":"shipping-taxable","12":"product-type-simple"},"_links":{"self":[{"href":"https:\/\/www.arclite-shop.de\/fr\/wp-json\/wp\/v2\/product\/343043","targetHints":{"allow":["GET"]}}],"collection":[{"href":"https:\/\/www.arclite-shop.de\/fr\/wp-json\/wp\/v2\/product"}],"about":[{"href":"https:\/\/www.arclite-shop.de\/fr\/wp-json\/wp\/v2\/types\/product"}],"wp:featuredmedia":[{"embeddable":true,"href":"https:\/\/www.arclite-shop.de\/fr\/wp-json\/wp\/v2\/media\/257970"}],"wp:attachment":[{"href":"https:\/\/www.arclite-shop.de\/fr\/wp-json\/wp\/v2\/media?parent=343043"}],"wp:term":[{"taxonomy":"product_brand","embeddable":true,"href":"https:\/\/www.arclite-shop.de\/fr\/wp-json\/wp\/v2\/product_brand?post=343043"},{"taxonomy":"product_cat","embeddable":true,"href":"https:\/\/www.arclite-shop.de\/fr\/wp-json\/wp\/v2\/product_cat?post=343043"},{"taxonomy":"product_tag","embeddable":true,"href":"https:\/\/www.arclite-shop.de\/fr\/wp-json\/wp\/v2\/product_tag?post=343043"}],"curies":[{"name":"wp","href":"https:\/\/api.w.org\/{rel}","templated":true}]}}