{"id":343039,"date":"2024-10-31T10:38:43","date_gmt":"2024-10-31T09:38:43","guid":{"rendered":"https:\/\/www.arclite-shop.de\/produkt\/73-87501027\/"},"modified":"2026-04-18T16:49:54","modified_gmt":"2026-04-18T14:49:54","slug":"73-87501027","status":"publish","type":"product","link":"https:\/\/www.arclite-shop.de\/fr\/produkt\/73-87501027\/","title":{"rendered":"TRIDONIC LED Driver \u00e0 courant constant LC 28\/300-700\/42 flexC NF SC EXC3 87501027"},"content":{"rendered":"<p>Kann als Leuchteneinbau oder unabh\u00e4ngiges Modul mit aufschnappbarer Zugentlastung verwendet werden (siehe Zubeh\u00f6r), F\u00fcr Leuchten der Schutzklasse I und der Schutzklasse II, Temperaturschutz gem\u00e4\u00df EN 61347-2-13 C5e, Ausgangsstrom einstellbar zwischen 300 \u2013 700 mA mit NFC, Max. Ausgangsleistung 28 W, Bis zu 86 % Effizienz, Nominale Lebensdauer bis zu 100.000 h, 5 Jahre Garantie, Geh\u00e4use: Polycarbonat, wei\u00df, Schutzart IP20, Nahfeld-Kommunikation (NFC), Klemmen: 45\u00b0 Steckklemmen, Einstellbarer Ausgangsstrom in 1-mA-Schritten (NFC), Constant Light Output Funktion (CLO), Schutzfunktionen (\u00dcbertemperatur, Kurzschluss, \u00dcberlast, Leerlauf), Geeignet f\u00fcr Sicherheitsbeleuchtungsanlagen gem\u00e4\u00df EN 50172, Flexible Konfiguration \u00fcber companionSUITE (NFC), Anwendungsorientiertes Betriebsfenster f\u00fcr max. Kompatibilit\u00e4t, Hohe Energieeinsparungen durch geringe Stand-by-Verluste und hohe Effizienz, In-Field-Programmierung m\u00f6glich nach der Installation mit NFC-Schnittstelle, F\u00fcr Downlight, Strahler und dekorative Anwendungen<\/p>\n","protected":false},"excerpt":{"rendered":"<p>Kann als Leuchteneinbau oder unabh\u00e4ngiges Modul mit aufschnappbarer Zugentlastung verwendet werden (siehe Zubeh\u00f6r), F\u00fcr Leuchten der Schutzklasse I und der Schutzklasse II, Temperaturschutz gem\u00e4\u00df EN 61347-2-13 C5e, Ausgangsstrom einstellbar zwischen 300 \u2013 700 mA mit NFC, Max. Ausgangsleistung 28 W,<span class=\"excerpt-hellip\"> [\u2026]<\/span><\/p>\n","protected":false},"featured_media":257964,"template":"","meta":[],"product_brand":[],"product_cat":[84631],"product_tag":[],"class_list":{"0":"post-343039","1":"product","2":"type-product","3":"status-publish","4":"has-post-thumbnail","6":"product_cat-led-betriebsgeraet","8":"first","9":"instock","10":"taxable","11":"shipping-taxable","12":"product-type-simple"},"_links":{"self":[{"href":"https:\/\/www.arclite-shop.de\/fr\/wp-json\/wp\/v2\/product\/343039","targetHints":{"allow":["GET"]}}],"collection":[{"href":"https:\/\/www.arclite-shop.de\/fr\/wp-json\/wp\/v2\/product"}],"about":[{"href":"https:\/\/www.arclite-shop.de\/fr\/wp-json\/wp\/v2\/types\/product"}],"wp:featuredmedia":[{"embeddable":true,"href":"https:\/\/www.arclite-shop.de\/fr\/wp-json\/wp\/v2\/media\/257964"}],"wp:attachment":[{"href":"https:\/\/www.arclite-shop.de\/fr\/wp-json\/wp\/v2\/media?parent=343039"}],"wp:term":[{"taxonomy":"product_brand","embeddable":true,"href":"https:\/\/www.arclite-shop.de\/fr\/wp-json\/wp\/v2\/product_brand?post=343039"},{"taxonomy":"product_cat","embeddable":true,"href":"https:\/\/www.arclite-shop.de\/fr\/wp-json\/wp\/v2\/product_cat?post=343039"},{"taxonomy":"product_tag","embeddable":true,"href":"https:\/\/www.arclite-shop.de\/fr\/wp-json\/wp\/v2\/product_tag?post=343039"}],"curies":[{"name":"wp","href":"https:\/\/api.w.org\/{rel}","templated":true}]}}