{"id":343018,"date":"2024-10-31T10:38:31","date_gmt":"2024-10-31T09:38:31","guid":{"rendered":"https:\/\/www.arclite-shop.de\/produkt\/73-28003843\/"},"modified":"2026-04-18T16:50:34","modified_gmt":"2026-04-18T14:50:34","slug":"73-28003843","status":"publish","type":"product","link":"https:\/\/www.arclite-shop.de\/fr\/produkt\/73-28003843\/","title":{"rendered":"Pilote LED TRIDONIC Tension constante LC 200W 48V One4all NF SC EXC   28003843"},"content":{"rendered":"<p>Dimmbarer 48 V Konstantspannungs-LED-Treiber f\u00fcr flexible Konstantspannungs-LED-Streifen, Kann als Leuchteneinbau oder unabh\u00e4ngiger LED-Treiber mit aufschnappbarer Zugentlastung verwendet werden, one4all Interface erm\u00f6glicht verschiedene Dimmm\u00f6glichkeiten, Dimmbereich von 1 \u2013 100 %, Kein externer Dimmer notwendig, Geeignet f\u00fcr Sicherheitsbeleuchtungsanlagen gem\u00e4\u00df EN 50172, Nominale Lebensdauer bis zu 100.000 h, 5 Jahre Garantie, Voutenbeleuchtung, Fassaden-Akzentbeleuchtung, indirekte Deckenbeleuchtung, 48 V, 200 W, Kleiner Querschnitt, Steckklemmen zur einfachen Verdrahtung, Nahfeld-Kommunikation (NFC), one4all (DALI-2, DSI, switchDIM, corridorFUNCTION), Klemmen: 45\u00b0 Steckklemmen, Tridonic LLE FLEX 8 mm 48V EXC 600, 1.200, 1.800, 2.500 lm\/m, Tridonic LLE FLEX 12 mm 48V EXC 3.000, 4.000 lm\/m, Die Funktion von Lichtquellen anderer Hersteller vor der Verwendung bei niedrigen Dimmstufen testen, ob die Dimmfunktion perfekt arbeitet<\/p>\n","protected":false},"excerpt":{"rendered":"<p>Dimmbarer 48 V Konstantspannungs-LED-Treiber f\u00fcr flexible Konstantspannungs-LED-Streifen, Kann als Leuchteneinbau oder unabh\u00e4ngiger LED-Treiber mit aufschnappbarer Zugentlastung verwendet werden, one4all Interface erm\u00f6glicht verschiedene Dimmm\u00f6glichkeiten, Dimmbereich von 1 \u2013 100 %, Kein externer Dimmer notwendig, Geeignet f\u00fcr Sicherheitsbeleuchtungsanlagen gem\u00e4\u00df EN 50172, Nominale<span class=\"excerpt-hellip\"> [\u2026]<\/span><\/p>\n","protected":false},"featured_media":257920,"template":"","meta":[],"product_brand":[],"product_cat":[84631],"product_tag":[],"class_list":{"0":"post-343018","1":"product","2":"type-product","3":"status-publish","4":"has-post-thumbnail","6":"product_cat-led-betriebsgeraet","8":"first","9":"instock","10":"taxable","11":"shipping-taxable","12":"product-type-simple"},"_links":{"self":[{"href":"https:\/\/www.arclite-shop.de\/fr\/wp-json\/wp\/v2\/product\/343018","targetHints":{"allow":["GET"]}}],"collection":[{"href":"https:\/\/www.arclite-shop.de\/fr\/wp-json\/wp\/v2\/product"}],"about":[{"href":"https:\/\/www.arclite-shop.de\/fr\/wp-json\/wp\/v2\/types\/product"}],"wp:featuredmedia":[{"embeddable":true,"href":"https:\/\/www.arclite-shop.de\/fr\/wp-json\/wp\/v2\/media\/257920"}],"wp:attachment":[{"href":"https:\/\/www.arclite-shop.de\/fr\/wp-json\/wp\/v2\/media?parent=343018"}],"wp:term":[{"taxonomy":"product_brand","embeddable":true,"href":"https:\/\/www.arclite-shop.de\/fr\/wp-json\/wp\/v2\/product_brand?post=343018"},{"taxonomy":"product_cat","embeddable":true,"href":"https:\/\/www.arclite-shop.de\/fr\/wp-json\/wp\/v2\/product_cat?post=343018"},{"taxonomy":"product_tag","embeddable":true,"href":"https:\/\/www.arclite-shop.de\/fr\/wp-json\/wp\/v2\/product_tag?post=343018"}],"curies":[{"name":"wp","href":"https:\/\/api.w.org\/{rel}","templated":true}]}}