{"id":342977,"date":"2024-10-31T10:38:08","date_gmt":"2024-10-31T09:38:08","guid":{"rendered":"https:\/\/www.arclite-shop.de\/produkt\/73-28003511\/"},"modified":"2026-04-18T16:51:44","modified_gmt":"2026-04-18T14:51:44","slug":"73-28003511","status":"publish","type":"product","link":"https:\/\/www.arclite-shop.de\/fr\/produkt\/73-28003511\/","title":{"rendered":"TRIDONIC LED Driver \u00e0 courant constant LCI 105\/350-600\/230 flexC NF h21 EXC3 28003511"},"content":{"rendered":"<p>Konstantstrom-LED-Treiber, Ausgangsstrom einstellbar zwischen 350 \u2013 600 mA mit NFC, Max. Ausgangsleistung 105 W, Bis zu 84 % Effizienz, Nominale Lebensdauer bis zu 90.000 h bei 70\u00b0C, 5 Jahre Garantie, \u201eLow profile\u201c-Metallgeh\u00e4use mit wei\u00dfem Geh\u00e4use.<\/p>\n","protected":false},"excerpt":{"rendered":"<p>Konstantstrom-LED-Treiber, Ausgangsstrom einstellbar zwischen 350 \u2013 600 mA mit NFC, Max. Ausgangsleistung 105 W, Bis zu 84 % Effizienz, Nominale Lebensdauer bis zu 90.000 h bei 70\u00b0C, 5 Jahre Garantie, \u201eLow profile\u201c-Metallgeh\u00e4use mit wei\u00dfem Geh\u00e4use.<\/p>\n","protected":false},"featured_media":368382,"template":"","meta":[],"product_brand":[],"product_cat":[84631],"product_tag":[],"class_list":{"0":"post-342977","1":"product","2":"type-product","3":"status-publish","4":"has-post-thumbnail","6":"product_cat-led-betriebsgeraet","8":"first","9":"instock","10":"taxable","11":"shipping-taxable","12":"product-type-simple"},"_links":{"self":[{"href":"https:\/\/www.arclite-shop.de\/fr\/wp-json\/wp\/v2\/product\/342977","targetHints":{"allow":["GET"]}}],"collection":[{"href":"https:\/\/www.arclite-shop.de\/fr\/wp-json\/wp\/v2\/product"}],"about":[{"href":"https:\/\/www.arclite-shop.de\/fr\/wp-json\/wp\/v2\/types\/product"}],"wp:featuredmedia":[{"embeddable":true,"href":"https:\/\/www.arclite-shop.de\/fr\/wp-json\/wp\/v2\/media\/368382"}],"wp:attachment":[{"href":"https:\/\/www.arclite-shop.de\/fr\/wp-json\/wp\/v2\/media?parent=342977"}],"wp:term":[{"taxonomy":"product_brand","embeddable":true,"href":"https:\/\/www.arclite-shop.de\/fr\/wp-json\/wp\/v2\/product_brand?post=342977"},{"taxonomy":"product_cat","embeddable":true,"href":"https:\/\/www.arclite-shop.de\/fr\/wp-json\/wp\/v2\/product_cat?post=342977"},{"taxonomy":"product_tag","embeddable":true,"href":"https:\/\/www.arclite-shop.de\/fr\/wp-json\/wp\/v2\/product_tag?post=342977"}],"curies":[{"name":"wp","href":"https:\/\/api.w.org\/{rel}","templated":true}]}}