{"id":342972,"date":"2024-10-31T10:38:06","date_gmt":"2024-10-31T09:38:06","guid":{"rendered":"https:\/\/www.arclite-shop.de\/produkt\/73-28003521\/"},"modified":"2026-04-18T16:51:50","modified_gmt":"2026-04-18T14:51:50","slug":"73-28003521","status":"publish","type":"product","link":"https:\/\/www.arclite-shop.de\/fr\/produkt\/73-28003521\/","title":{"rendered":"TRIDONIC LED Driver Tension constante LC 60W 24V One4all LP PRE 28003521"},"content":{"rendered":"<p>Dimmbarer 24 V Konstantspannungs-LED-Treiber f\u00fcr flexible Konstantspannungs-LED-Streifen, Kann als Leuchteneinbau oder unabh\u00e4ngiger LED-Treiber mit aufschnappbarer Zugentlastung verwendet werden one4all Interface erm\u00f6glicht verschiedene Dimmm\u00f6glichkeiten, Dimmbereich von 1 \u2013 100 %, Kein externer Dimmer notwendig, Nominale Lebensdauer bis zu 50.000 h, 5 Jahre Garantie. <\/p>\n","protected":false},"excerpt":{"rendered":"<p>Dimmbarer 24 V Konstantspannungs-LED-Treiber f\u00fcr flexible Konstantspannungs-LED-Streifen, Kann als Leuchteneinbau oder unabh\u00e4ngiger LED-Treiber mit aufschnappbarer Zugentlastung verwendet werden one4all Interface erm\u00f6glicht verschiedene Dimmm\u00f6glichkeiten, Dimmbereich von 1 \u2013 100 %, Kein externer Dimmer notwendig, Nominale Lebensdauer bis zu 50.000 h, 5<span class=\"excerpt-hellip\"> [\u2026]<\/span><\/p>\n","protected":false},"featured_media":368388,"template":"","meta":[],"product_brand":[],"product_cat":[84631],"product_tag":[],"class_list":{"0":"post-342972","1":"product","2":"type-product","3":"status-publish","4":"has-post-thumbnail","6":"product_cat-led-betriebsgeraet","8":"first","9":"instock","10":"taxable","11":"shipping-taxable","12":"product-type-simple"},"_links":{"self":[{"href":"https:\/\/www.arclite-shop.de\/fr\/wp-json\/wp\/v2\/product\/342972","targetHints":{"allow":["GET"]}}],"collection":[{"href":"https:\/\/www.arclite-shop.de\/fr\/wp-json\/wp\/v2\/product"}],"about":[{"href":"https:\/\/www.arclite-shop.de\/fr\/wp-json\/wp\/v2\/types\/product"}],"wp:featuredmedia":[{"embeddable":true,"href":"https:\/\/www.arclite-shop.de\/fr\/wp-json\/wp\/v2\/media\/368388"}],"wp:attachment":[{"href":"https:\/\/www.arclite-shop.de\/fr\/wp-json\/wp\/v2\/media?parent=342972"}],"wp:term":[{"taxonomy":"product_brand","embeddable":true,"href":"https:\/\/www.arclite-shop.de\/fr\/wp-json\/wp\/v2\/product_brand?post=342972"},{"taxonomy":"product_cat","embeddable":true,"href":"https:\/\/www.arclite-shop.de\/fr\/wp-json\/wp\/v2\/product_cat?post=342972"},{"taxonomy":"product_tag","embeddable":true,"href":"https:\/\/www.arclite-shop.de\/fr\/wp-json\/wp\/v2\/product_tag?post=342972"}],"curies":[{"name":"wp","href":"https:\/\/api.w.org\/{rel}","templated":true}]}}