{"id":342956,"date":"2024-10-31T10:37:56","date_gmt":"2024-10-31T09:37:56","guid":{"rendered":"https:\/\/www.arclite-shop.de\/produkt\/73-89800829\/"},"modified":"2026-04-18T16:52:12","modified_gmt":"2026-04-18T14:52:12","slug":"73-89800829","status":"publish","type":"product","link":"https:\/\/www.arclite-shop.de\/fr\/produkt\/73-89800829\/","title":{"rendered":"Unit\u00e9 de contr\u00f4le d\u2019\u00e9clairage d\u2019urgence TRIDONIC EMCLED BASIC HP   250V 89800829"},"content":{"rendered":"<p>Einzelbatterieversorgter Notlicht-LED-Treiber f\u00fcr manuellen Test, F\u00fcr LED-Module mit einer Vorw\u00e4rtsspannung von 48 \u2013 250 V, \u201eLow profile\u201c-Geh\u00e4use (21 x 30 mm Querschnitt), F\u00fcr Leuchteneinbau, Nominale Lebensdauer bis zu 100.000 h, 5 Jahre Garantie, Maximale Lichtleistung f\u00fcr alle LED-Module.<\/p>\n","protected":false},"excerpt":{"rendered":"<p>Einzelbatterieversorgter Notlicht-LED-Treiber f\u00fcr manuellen Test, F\u00fcr LED-Module mit einer Vorw\u00e4rtsspannung von 48 \u2013 250 V, \u201eLow profile\u201c-Geh\u00e4use (21 x 30 mm Querschnitt), F\u00fcr Leuchteneinbau, Nominale Lebensdauer bis zu 100.000 h, 5 Jahre Garantie, Maximale Lichtleistung f\u00fcr alle LED-Module.<\/p>\n","protected":false},"featured_media":368402,"template":"","meta":[],"product_brand":[],"product_cat":[85190],"product_tag":[],"class_list":{"0":"post-342956","1":"product","2":"type-product","3":"status-publish","4":"has-post-thumbnail","6":"product_cat-notlichtversorgungszentrale","8":"first","9":"instock","10":"taxable","11":"shipping-taxable","12":"product-type-simple"},"_links":{"self":[{"href":"https:\/\/www.arclite-shop.de\/fr\/wp-json\/wp\/v2\/product\/342956","targetHints":{"allow":["GET"]}}],"collection":[{"href":"https:\/\/www.arclite-shop.de\/fr\/wp-json\/wp\/v2\/product"}],"about":[{"href":"https:\/\/www.arclite-shop.de\/fr\/wp-json\/wp\/v2\/types\/product"}],"wp:featuredmedia":[{"embeddable":true,"href":"https:\/\/www.arclite-shop.de\/fr\/wp-json\/wp\/v2\/media\/368402"}],"wp:attachment":[{"href":"https:\/\/www.arclite-shop.de\/fr\/wp-json\/wp\/v2\/media?parent=342956"}],"wp:term":[{"taxonomy":"product_brand","embeddable":true,"href":"https:\/\/www.arclite-shop.de\/fr\/wp-json\/wp\/v2\/product_brand?post=342956"},{"taxonomy":"product_cat","embeddable":true,"href":"https:\/\/www.arclite-shop.de\/fr\/wp-json\/wp\/v2\/product_cat?post=342956"},{"taxonomy":"product_tag","embeddable":true,"href":"https:\/\/www.arclite-shop.de\/fr\/wp-json\/wp\/v2\/product_tag?post=342956"}],"curies":[{"name":"wp","href":"https:\/\/api.w.org\/{rel}","templated":true}]}}