{"id":342949,"date":"2024-10-31T10:37:52","date_gmt":"2024-10-31T09:37:52","guid":{"rendered":"https:\/\/www.arclite-shop.de\/produkt\/73-28003813\/"},"modified":"2026-04-18T16:52:28","modified_gmt":"2026-04-18T14:52:28","slug":"73-28003813","status":"publish","type":"product","link":"https:\/\/www.arclite-shop.de\/fr\/produkt\/73-28003813\/","title":{"rendered":"TRIDONIC \u00c9trition EM cLED SR 28003813"},"content":{"rendered":"<p>Zugentlastung f\u00fcr unabh\u00e4ngige Anwendung, Geeignet f\u00fcr EM converterLED PRO HP, Erweitert den LED-Treiber in einen vollen Klasse II kompatiblen LED-Treiber, Leichte und werkzeuglose Montage am LED-Treiber, schraubenlose Kabelklemmkan\u00e4le f\u00fcr lange Zugentlastung (240 x 43 x 30 mm).<\/p>\n","protected":false},"excerpt":{"rendered":"<p>Zugentlastung f\u00fcr unabh\u00e4ngige Anwendung, Geeignet f\u00fcr EM converterLED PRO HP, Erweitert den LED-Treiber in einen vollen Klasse II kompatiblen LED-Treiber, Leichte und werkzeuglose Montage am LED-Treiber, schraubenlose Kabelklemmkan\u00e4le f\u00fcr lange Zugentlastung (240 x 43 x 30 mm).<\/p>\n","protected":false},"featured_media":368418,"template":"","meta":[],"product_brand":[],"product_cat":[85190],"product_tag":[],"class_list":{"0":"post-342949","1":"product","2":"type-product","3":"status-publish","4":"has-post-thumbnail","6":"product_cat-notlichtversorgungszentrale","8":"first","9":"instock","10":"taxable","11":"shipping-taxable","12":"product-type-simple"},"_links":{"self":[{"href":"https:\/\/www.arclite-shop.de\/fr\/wp-json\/wp\/v2\/product\/342949","targetHints":{"allow":["GET"]}}],"collection":[{"href":"https:\/\/www.arclite-shop.de\/fr\/wp-json\/wp\/v2\/product"}],"about":[{"href":"https:\/\/www.arclite-shop.de\/fr\/wp-json\/wp\/v2\/types\/product"}],"wp:featuredmedia":[{"embeddable":true,"href":"https:\/\/www.arclite-shop.de\/fr\/wp-json\/wp\/v2\/media\/368418"}],"wp:attachment":[{"href":"https:\/\/www.arclite-shop.de\/fr\/wp-json\/wp\/v2\/media?parent=342949"}],"wp:term":[{"taxonomy":"product_brand","embeddable":true,"href":"https:\/\/www.arclite-shop.de\/fr\/wp-json\/wp\/v2\/product_brand?post=342949"},{"taxonomy":"product_cat","embeddable":true,"href":"https:\/\/www.arclite-shop.de\/fr\/wp-json\/wp\/v2\/product_cat?post=342949"},{"taxonomy":"product_tag","embeddable":true,"href":"https:\/\/www.arclite-shop.de\/fr\/wp-json\/wp\/v2\/product_tag?post=342949"}],"curies":[{"name":"wp","href":"https:\/\/api.w.org\/{rel}","templated":true}]}}