{"id":342925,"date":"2024-10-31T10:37:39","date_gmt":"2024-10-31T09:37:39","guid":{"rendered":"https:\/\/www.arclite-shop.de\/produkt\/73-89800762\/"},"modified":"2026-04-18T16:54:09","modified_gmt":"2026-04-18T14:54:09","slug":"73-89800762","status":"publish","type":"product","link":"https:\/\/www.arclite-shop.de\/fr\/produkt\/73-89800762\/","title":{"rendered":"Module d\u2019\u00e9clairage d\u2019urgence TRIDONIC KIT EM R2A  SIC NM 132 SM 89800762"},"content":{"rendered":"<p>LED-Notlichtmodul f\u00fcr die Aufputz-Installation, Komplettes Set mit integrierter Elektronik, LED-Modul, K\u00fchlfl\u00e4che, Optik und Akku, Beinhaltet click-in Multi-Linsen-Optik f\u00fcr Anti-Panik-, Fluchtwegsund Spot-Beleuchtung, Notlichtfunktion f\u00fcr manuellen Test, 3 h Bemessungsbetriebsdauer, Wei\u00dfes Geh\u00e4use.<\/p>\n","protected":false},"excerpt":{"rendered":"<p>LED-Notlichtmodul f\u00fcr die Aufputz-Installation, Komplettes Set mit integrierter Elektronik, LED-Modul, K\u00fchlfl\u00e4che, Optik und Akku, Beinhaltet click-in Multi-Linsen-Optik f\u00fcr Anti-Panik-, Fluchtwegsund Spot-Beleuchtung, Notlichtfunktion f\u00fcr manuellen Test, 3 h Bemessungsbetriebsdauer, Wei\u00dfes Geh\u00e4use.<\/p>\n","protected":false},"featured_media":368416,"template":"","meta":[],"product_brand":[],"product_cat":[85247],"product_tag":[],"class_list":{"0":"post-342925","1":"product","2":"type-product","3":"status-publish","4":"has-post-thumbnail","6":"product_cat-sicherheitsleuchte","8":"first","9":"instock","10":"taxable","11":"shipping-taxable","12":"product-type-simple"},"_links":{"self":[{"href":"https:\/\/www.arclite-shop.de\/fr\/wp-json\/wp\/v2\/product\/342925","targetHints":{"allow":["GET"]}}],"collection":[{"href":"https:\/\/www.arclite-shop.de\/fr\/wp-json\/wp\/v2\/product"}],"about":[{"href":"https:\/\/www.arclite-shop.de\/fr\/wp-json\/wp\/v2\/types\/product"}],"wp:featuredmedia":[{"embeddable":true,"href":"https:\/\/www.arclite-shop.de\/fr\/wp-json\/wp\/v2\/media\/368416"}],"wp:attachment":[{"href":"https:\/\/www.arclite-shop.de\/fr\/wp-json\/wp\/v2\/media?parent=342925"}],"wp:term":[{"taxonomy":"product_brand","embeddable":true,"href":"https:\/\/www.arclite-shop.de\/fr\/wp-json\/wp\/v2\/product_brand?post=342925"},{"taxonomy":"product_cat","embeddable":true,"href":"https:\/\/www.arclite-shop.de\/fr\/wp-json\/wp\/v2\/product_cat?post=342925"},{"taxonomy":"product_tag","embeddable":true,"href":"https:\/\/www.arclite-shop.de\/fr\/wp-json\/wp\/v2\/product_tag?post=342925"}],"curies":[{"name":"wp","href":"https:\/\/api.w.org\/{rel}","templated":true}]}}