{"id":342911,"date":"2024-10-31T10:37:32","date_gmt":"2024-10-31T09:37:32","guid":{"rendered":"https:\/\/www.arclite-shop.de\/produkt\/73-89800542\/"},"modified":"2026-04-18T16:54:49","modified_gmt":"2026-04-18T14:54:49","slug":"73-89800542","status":"publish","type":"product","link":"https:\/\/www.arclite-shop.de\/fr\/produkt\/73-89800542\/","title":{"rendered":"Module d\u2019\u00e9clairage d\u2019urgence TRIDONIC KIT EM R2A  O NM 111 2W 89800542"},"content":{"rendered":"<p>LED Notlichtmodul, Betriebsdauer 1 Stunde, Plug-in Lithium-Eisenphosphat-Akku, \u00d851\u00d779 mm, Einbaudurchmesser 39 mm, Mit click-in Linsen f\u00fcr Anti-Panik-, Fluchtweg- und Spot-Beleuchtung.<\/p>\n","protected":false},"excerpt":{"rendered":"<p>LED Notlichtmodul, Betriebsdauer 1 Stunde, Plug-in Lithium-Eisenphosphat-Akku, \u00d851\u00d779 mm, Einbaudurchmesser 39 mm, Mit click-in Linsen f\u00fcr Anti-Panik-, Fluchtweg- und Spot-Beleuchtung.<\/p>\n","protected":false},"featured_media":368422,"template":"","meta":[],"product_brand":[],"product_cat":[85247],"product_tag":[],"class_list":{"0":"post-342911","1":"product","2":"type-product","3":"status-publish","4":"has-post-thumbnail","6":"product_cat-sicherheitsleuchte","8":"first","9":"instock","10":"taxable","11":"shipping-taxable","12":"product-type-simple"},"_links":{"self":[{"href":"https:\/\/www.arclite-shop.de\/fr\/wp-json\/wp\/v2\/product\/342911","targetHints":{"allow":["GET"]}}],"collection":[{"href":"https:\/\/www.arclite-shop.de\/fr\/wp-json\/wp\/v2\/product"}],"about":[{"href":"https:\/\/www.arclite-shop.de\/fr\/wp-json\/wp\/v2\/types\/product"}],"wp:featuredmedia":[{"embeddable":true,"href":"https:\/\/www.arclite-shop.de\/fr\/wp-json\/wp\/v2\/media\/368422"}],"wp:attachment":[{"href":"https:\/\/www.arclite-shop.de\/fr\/wp-json\/wp\/v2\/media?parent=342911"}],"wp:term":[{"taxonomy":"product_brand","embeddable":true,"href":"https:\/\/www.arclite-shop.de\/fr\/wp-json\/wp\/v2\/product_brand?post=342911"},{"taxonomy":"product_cat","embeddable":true,"href":"https:\/\/www.arclite-shop.de\/fr\/wp-json\/wp\/v2\/product_cat?post=342911"},{"taxonomy":"product_tag","embeddable":true,"href":"https:\/\/www.arclite-shop.de\/fr\/wp-json\/wp\/v2\/product_tag?post=342911"}],"curies":[{"name":"wp","href":"https:\/\/api.w.org\/{rel}","templated":true}]}}