{"id":342892,"date":"2024-10-31T10:37:22","date_gmt":"2024-10-31T09:37:22","guid":{"rendered":"https:\/\/www.arclite-shop.de\/produkt\/73-28003814\/"},"modified":"2026-04-18T16:55:46","modified_gmt":"2026-04-18T14:55:46","slug":"73-28003814","status":"publish","type":"product","link":"https:\/\/www.arclite-shop.de\/fr\/produkt\/73-28003814\/","title":{"rendered":"TRIDONIC Cellules lithium-fer phosphate ACCU-LiFePO4 3,6Ah 2A 2S1P CON 28003814"},"content":{"rendered":"<p>Hochtemperatur LiFePO4-Zellen f\u00fcr den Einsatz mit Notlichtger\u00e4ten, \u201eLow profile\u201c-Querschnitt mit abnehmbaren Endkappen, Eingebaute Schutzfunktionen, Elektronisch geregeltes Temperaturmanagement, Gute Ladeeigenschaften bei hoher Temperatur, Geeignet f\u00fcr Notlichtbetriebsger\u00e4te gem\u00e4\u00df Norm IEC 60598-2-22.<\/p>\n","protected":false},"excerpt":{"rendered":"<p>Hochtemperatur LiFePO4-Zellen f\u00fcr den Einsatz mit Notlichtger\u00e4ten, \u201eLow profile\u201c-Querschnitt mit abnehmbaren Endkappen, Eingebaute Schutzfunktionen, Elektronisch geregeltes Temperaturmanagement, Gute Ladeeigenschaften bei hoher Temperatur, Geeignet f\u00fcr Notlichtbetriebsger\u00e4te gem\u00e4\u00df Norm IEC 60598-2-22.<\/p>\n","protected":false},"featured_media":368438,"template":"","meta":[],"product_brand":[],"product_cat":[85125],"product_tag":[],"class_list":{"0":"post-342892","1":"product","2":"type-product","3":"status-publish","4":"has-post-thumbnail","6":"product_cat-akku","8":"first","9":"instock","10":"taxable","11":"shipping-taxable","12":"product-type-simple"},"_links":{"self":[{"href":"https:\/\/www.arclite-shop.de\/fr\/wp-json\/wp\/v2\/product\/342892","targetHints":{"allow":["GET"]}}],"collection":[{"href":"https:\/\/www.arclite-shop.de\/fr\/wp-json\/wp\/v2\/product"}],"about":[{"href":"https:\/\/www.arclite-shop.de\/fr\/wp-json\/wp\/v2\/types\/product"}],"wp:featuredmedia":[{"embeddable":true,"href":"https:\/\/www.arclite-shop.de\/fr\/wp-json\/wp\/v2\/media\/368438"}],"wp:attachment":[{"href":"https:\/\/www.arclite-shop.de\/fr\/wp-json\/wp\/v2\/media?parent=342892"}],"wp:term":[{"taxonomy":"product_brand","embeddable":true,"href":"https:\/\/www.arclite-shop.de\/fr\/wp-json\/wp\/v2\/product_brand?post=342892"},{"taxonomy":"product_cat","embeddable":true,"href":"https:\/\/www.arclite-shop.de\/fr\/wp-json\/wp\/v2\/product_cat?post=342892"},{"taxonomy":"product_tag","embeddable":true,"href":"https:\/\/www.arclite-shop.de\/fr\/wp-json\/wp\/v2\/product_tag?post=342892"}],"curies":[{"name":"wp","href":"https:\/\/api.w.org\/{rel}","templated":true}]}}