{"id":342855,"date":"2024-10-31T10:37:02","date_gmt":"2024-10-31T09:37:02","guid":{"rendered":"https:\/\/www.arclite-shop.de\/produkt\/73-28001568\/"},"modified":"2026-04-18T16:56:50","modified_gmt":"2026-04-18T14:56:50","slug":"73-28001568","status":"publish","type":"product","link":"https:\/\/www.arclite-shop.de\/fr\/produkt\/73-28001568\/","title":{"rendered":"BO\u00ceTE DE MONTAGE ACU DE TRIDONIC ACCESSORIES 16 DPI HIGHBAY 28001568"},"content":{"rendered":"<p>Einfache Anpassung von abgeh\u00e4ngten Leuchten an eine Sensorl\u00f6sung, nur durch hinzuf\u00fcgen eines zus\u00e4tzlichen Loches, Seitliche Verschraubung in Kombination mit Gummidichtung ergibt einen tats\u00e4chlichen IP65 Schutz f\u00fcr industrielle Anwendungen, Einfache Inbetriebnahme \u00fcber IR-Schnittstelle, w\u00e4hrend der Sensor nach wie vor gesch\u00fctzt ist, Anzugsdrehmoment = 0, 6 Nm<\/p>\n","protected":false},"excerpt":{"rendered":"<p>Einfache Anpassung von abgeh\u00e4ngten Leuchten an eine Sensorl\u00f6sung, nur durch hinzuf\u00fcgen eines zus\u00e4tzlichen Loches, Seitliche Verschraubung in Kombination mit Gummidichtung ergibt einen tats\u00e4chlichen IP65 Schutz f\u00fcr industrielle Anwendungen, Einfache Inbetriebnahme \u00fcber IR-Schnittstelle, w\u00e4hrend der Sensor nach wie vor gesch\u00fctzt ist,<span class=\"excerpt-hellip\"> [\u2026]<\/span><\/p>\n","protected":false},"featured_media":368474,"template":"","meta":[],"product_brand":[],"product_cat":[84899],"product_tag":[],"class_list":{"0":"post-342855","1":"product","2":"type-product","3":"status-publish","4":"has-post-thumbnail","6":"product_cat-zubehoer-ersatzteile-fuer-led-betriebsgeraete-und-module","8":"first","9":"instock","10":"taxable","11":"shipping-taxable","12":"product-type-simple"},"_links":{"self":[{"href":"https:\/\/www.arclite-shop.de\/fr\/wp-json\/wp\/v2\/product\/342855","targetHints":{"allow":["GET"]}}],"collection":[{"href":"https:\/\/www.arclite-shop.de\/fr\/wp-json\/wp\/v2\/product"}],"about":[{"href":"https:\/\/www.arclite-shop.de\/fr\/wp-json\/wp\/v2\/types\/product"}],"wp:featuredmedia":[{"embeddable":true,"href":"https:\/\/www.arclite-shop.de\/fr\/wp-json\/wp\/v2\/media\/368474"}],"wp:attachment":[{"href":"https:\/\/www.arclite-shop.de\/fr\/wp-json\/wp\/v2\/media?parent=342855"}],"wp:term":[{"taxonomy":"product_brand","embeddable":true,"href":"https:\/\/www.arclite-shop.de\/fr\/wp-json\/wp\/v2\/product_brand?post=342855"},{"taxonomy":"product_cat","embeddable":true,"href":"https:\/\/www.arclite-shop.de\/fr\/wp-json\/wp\/v2\/product_cat?post=342855"},{"taxonomy":"product_tag","embeddable":true,"href":"https:\/\/www.arclite-shop.de\/fr\/wp-json\/wp\/v2\/product_tag?post=342855"}],"curies":[{"name":"wp","href":"https:\/\/api.w.org\/{rel}","templated":true}]}}