{"id":342758,"date":"2024-10-31T10:36:07","date_gmt":"2024-10-31T09:36:07","guid":{"rendered":"https:\/\/www.arclite-shop.de\/produkt\/73-28002269\/"},"modified":"2026-04-18T16:59:32","modified_gmt":"2026-04-18T14:59:32","slug":"73-28002269","status":"publish","type":"product","link":"https:\/\/www.arclite-shop.de\/fr\/produkt\/73-28002269\/","title":{"rendered":"TRIDONIC Variateur num\u00e9rique \u00e0 d\u00e9coupe de phase et \u00e0 tra\u00eenement DALI-PCD 1-300 one4all G2 28002269"},"content":{"rendered":"<p>Kapazitives Touchpanel, Hochwertiges Erscheinungsbild mit echtem Glas Display, Mehrere Steuermodule in einem DALI-System m\u00f6glich, Stromversorgung \u00fcber DALI-Leitung, Doppelklemmen f\u00fcr Durchgangsverdrahtung, Einstellung der DALI-Leuchtengruppe \u00fcber den \u201eGroup\u201c-Drehwahlschalter, 5 Jahre Garantie, {nobullet} Typ C \/ Typ S:, Individuelle Einstellung der Startnummer der Lichtszenen \u00fcber den \u201eScene\u201c-Drehschalter, {nobullet} Typ TW:, Tunable White (Farbkonverter) Steuerung (Farbtemperatur entlang der planckschen Kurve, Colour temperature Tc)<\/p>\n","protected":false},"excerpt":{"rendered":"<p>Kapazitives Touchpanel, Hochwertiges Erscheinungsbild mit echtem Glas Display, Mehrere Steuermodule in einem DALI-System m\u00f6glich, Stromversorgung \u00fcber DALI-Leitung, Doppelklemmen f\u00fcr Durchgangsverdrahtung, Einstellung der DALI-Leuchtengruppe \u00fcber den \u201eGroup\u201c-Drehwahlschalter, 5 Jahre Garantie, {nobullet} Typ C \/ Typ S:, Individuelle Einstellung der Startnummer der<span class=\"excerpt-hellip\"> [\u2026]<\/span><\/p>\n","protected":false},"featured_media":368492,"template":"","meta":[],"product_brand":[],"product_cat":[84938],"product_tag":[],"class_list":{"0":"post-342758","1":"product","2":"type-product","3":"status-publish","4":"has-post-thumbnail","6":"product_cat-steuergeraet-fuer-leuchten","8":"first","9":"instock","10":"taxable","11":"shipping-taxable","12":"product-type-simple"},"_links":{"self":[{"href":"https:\/\/www.arclite-shop.de\/fr\/wp-json\/wp\/v2\/product\/342758","targetHints":{"allow":["GET"]}}],"collection":[{"href":"https:\/\/www.arclite-shop.de\/fr\/wp-json\/wp\/v2\/product"}],"about":[{"href":"https:\/\/www.arclite-shop.de\/fr\/wp-json\/wp\/v2\/types\/product"}],"wp:featuredmedia":[{"embeddable":true,"href":"https:\/\/www.arclite-shop.de\/fr\/wp-json\/wp\/v2\/media\/368492"}],"wp:attachment":[{"href":"https:\/\/www.arclite-shop.de\/fr\/wp-json\/wp\/v2\/media?parent=342758"}],"wp:term":[{"taxonomy":"product_brand","embeddable":true,"href":"https:\/\/www.arclite-shop.de\/fr\/wp-json\/wp\/v2\/product_brand?post=342758"},{"taxonomy":"product_cat","embeddable":true,"href":"https:\/\/www.arclite-shop.de\/fr\/wp-json\/wp\/v2\/product_cat?post=342758"},{"taxonomy":"product_tag","embeddable":true,"href":"https:\/\/www.arclite-shop.de\/fr\/wp-json\/wp\/v2\/product_tag?post=342758"}],"curies":[{"name":"wp","href":"https:\/\/api.w.org\/{rel}","templated":true}]}}