{"id":342752,"date":"2024-10-31T10:36:04","date_gmt":"2024-10-31T09:36:04","guid":{"rendered":"https:\/\/www.arclite-shop.de\/produkt\/73-89800707\/"},"modified":"2026-04-18T16:59:41","modified_gmt":"2026-04-18T14:59:41","slug":"73-89800707","status":"publish","type":"product","link":"https:\/\/www.arclite-shop.de\/fr\/produkt\/73-89800707\/","title":{"rendered":"Unit\u00e9 de contr\u00f4le d\u2019\u00e9clairage d\u2019urgence TRIDONIC EM PACK BASIC 23 LiFePO4 50V 89800707"},"content":{"rendered":"<p>Remote Pack zur Leuchtenumr\u00fcstung, Vorverdrahtetes EM converterLED und Akku enthalten, F\u00fcr LED-Module mit einer Vorw\u00e4rtsspannung von 10 \u2013 54 V, SELV f\u00fcr Ausgangsspannung &lt; 60 V DC, Ideal f\u00fcr Deckenausschnitte Durchmesser = 150 mm und f\u00fcr Einbautiefen = 100 mm, Nominale Lebensdauer bis zu 100.000 h, 5 Jahre Garantie, Bereitschaftsbetrieb, 3 h Bemessungsbetriebsdauer, Kompatibel mit allen dimmbaren und nicht dimmbaren Konstantstrom LED-Treibern (siehe Datenblatt, Kompatibilit\u00e4t mit LED-Treiber), 3-Pol-Technologie: 2-polige Umschaltung des LED-Moduls und verz\u00f6gerte Netzzuschaltung f\u00fcr den LED-Treiber, Automatische Abschaltung des Ausgangs, wenn sich die LED-Last au\u00dferhalb des zul\u00e4ssigen Bereichs befindet, Konstante Ausgangsspannung, Elektronisches Ladesystem, Tiefentladeschutz, Kurzschlussfester Akku-Anschluss, Zugentlastung und Klemmen inkludiert, Hochtemperaturzellen, NiCd- oder LiFePO4-Akkus, 4 Jahre erwartete Lebensdauer f\u00fcr NiCd-Akkus, 1 Jahr Garantie f\u00fcr NiCd-Akkus, 4 \u2013 8 Jahre erwartete Lebensdauer f\u00fcr LiFePO4-Akkus, 3 Jahr Garantie f\u00fcr LiFePO4-Akkus<\/p>\n","protected":false},"excerpt":{"rendered":"<p>Remote Pack zur Leuchtenumr\u00fcstung, Vorverdrahtetes EM converterLED und Akku enthalten, F\u00fcr LED-Module mit einer Vorw\u00e4rtsspannung von 10 \u2013 54 V, SELV f\u00fcr Ausgangsspannung &lt; 60 V DC, Ideal f\u00fcr Deckenausschnitte Durchmesser = 150 mm und f\u00fcr Einbautiefen = 100 mm,<span class=\"excerpt-hellip\"> [\u2026]<\/span><\/p>\n","protected":false},"featured_media":368500,"template":"","meta":[],"product_brand":[],"product_cat":[85190],"product_tag":[],"class_list":{"0":"post-342752","1":"product","2":"type-product","3":"status-publish","4":"has-post-thumbnail","6":"product_cat-notlichtversorgungszentrale","8":"first","9":"instock","10":"taxable","11":"shipping-taxable","12":"product-type-simple"},"_links":{"self":[{"href":"https:\/\/www.arclite-shop.de\/fr\/wp-json\/wp\/v2\/product\/342752","targetHints":{"allow":["GET"]}}],"collection":[{"href":"https:\/\/www.arclite-shop.de\/fr\/wp-json\/wp\/v2\/product"}],"about":[{"href":"https:\/\/www.arclite-shop.de\/fr\/wp-json\/wp\/v2\/types\/product"}],"wp:featuredmedia":[{"embeddable":true,"href":"https:\/\/www.arclite-shop.de\/fr\/wp-json\/wp\/v2\/media\/368500"}],"wp:attachment":[{"href":"https:\/\/www.arclite-shop.de\/fr\/wp-json\/wp\/v2\/media?parent=342752"}],"wp:term":[{"taxonomy":"product_brand","embeddable":true,"href":"https:\/\/www.arclite-shop.de\/fr\/wp-json\/wp\/v2\/product_brand?post=342752"},{"taxonomy":"product_cat","embeddable":true,"href":"https:\/\/www.arclite-shop.de\/fr\/wp-json\/wp\/v2\/product_cat?post=342752"},{"taxonomy":"product_tag","embeddable":true,"href":"https:\/\/www.arclite-shop.de\/fr\/wp-json\/wp\/v2\/product_tag?post=342752"}],"curies":[{"name":"wp","href":"https:\/\/api.w.org\/{rel}","templated":true}]}}