{"id":342678,"date":"2024-10-31T10:35:23","date_gmt":"2024-10-31T09:35:23","guid":{"rendered":"https:\/\/www.arclite-shop.de\/produkt\/73-89800174\/"},"modified":"2026-04-18T17:02:41","modified_gmt":"2026-04-18T15:02:41","slug":"73-89800174","status":"publish","type":"product","link":"https:\/\/www.arclite-shop.de\/fr\/produkt\/73-89800174\/","title":{"rendered":"TRIDONIC Module de Contr\u00f4le d\u2019\u00c9clairage d\u2019Urgence ELECTROLED 15W  SIC CLE NiMH 89800174"},"content":{"rendered":"<p>LED-Treiber f\u00fcr den Netzbetrieb mit integrierter Simple CORRIDOR FUNCTION (CF) und Notlichtfunktion f\u00fcr manuellen Test, F\u00fcr einzelbatterieversorgte Notbeleuchtung, F\u00fcr Leuchteneinbau, F\u00fcr die Anwendung mit CLE 1500lm EM, 5 Jahre Garantie, Konstantstrom-LED-Treiber mit 350 oder 470 mA Ausgangsstrom, Simple CORRIDOR FUNCTION (CF) mit 10 % Lichtlevel, Integrierte 1 W-Notlichteinheit im Bereitschaftsbetrieb, 3 h Bemessungsbetriebsdauer, Konstantstrombetrieb, Gr\u00fcne LED zur Ladestatusanzeige, Elektronisches Ladesystem, Verpolungsschutz f\u00fcr Akku, Tiefentladeschutz, Kurzschlussfester Akku-Anschluss, SELV, Notlicht-LED verf\u00fcgbar, LED-Modul und Sensor verf\u00fcgbar, Hochtemperaturzellen, NiMH-Akkus, Cs-Zellen, Flachstecker f\u00fcr einfachen Anschluss, 4 Jahre erwartete Lebensdauer, 1 Jahr Garantie, F\u00fcr Akkukompatibilit\u00e4t siehe Datenblatt<\/p>\n","protected":false},"excerpt":{"rendered":"<p>LED-Treiber f\u00fcr den Netzbetrieb mit integrierter Simple CORRIDOR FUNCTION (CF) und Notlichtfunktion f\u00fcr manuellen Test, F\u00fcr einzelbatterieversorgte Notbeleuchtung, F\u00fcr Leuchteneinbau, F\u00fcr die Anwendung mit CLE 1500lm EM, 5 Jahre Garantie, Konstantstrom-LED-Treiber mit 350 oder 470 mA Ausgangsstrom, Simple CORRIDOR FUNCTION<span class=\"excerpt-hellip\"> [\u2026]<\/span><\/p>\n","protected":false},"featured_media":368519,"template":"","meta":[],"product_brand":[],"product_cat":[85190],"product_tag":[],"class_list":{"0":"post-342678","1":"product","2":"type-product","3":"status-publish","4":"has-post-thumbnail","6":"product_cat-notlichtversorgungszentrale","8":"first","9":"instock","10":"taxable","11":"shipping-taxable","12":"product-type-simple"},"_links":{"self":[{"href":"https:\/\/www.arclite-shop.de\/fr\/wp-json\/wp\/v2\/product\/342678","targetHints":{"allow":["GET"]}}],"collection":[{"href":"https:\/\/www.arclite-shop.de\/fr\/wp-json\/wp\/v2\/product"}],"about":[{"href":"https:\/\/www.arclite-shop.de\/fr\/wp-json\/wp\/v2\/types\/product"}],"wp:featuredmedia":[{"embeddable":true,"href":"https:\/\/www.arclite-shop.de\/fr\/wp-json\/wp\/v2\/media\/368519"}],"wp:attachment":[{"href":"https:\/\/www.arclite-shop.de\/fr\/wp-json\/wp\/v2\/media?parent=342678"}],"wp:term":[{"taxonomy":"product_brand","embeddable":true,"href":"https:\/\/www.arclite-shop.de\/fr\/wp-json\/wp\/v2\/product_brand?post=342678"},{"taxonomy":"product_cat","embeddable":true,"href":"https:\/\/www.arclite-shop.de\/fr\/wp-json\/wp\/v2\/product_cat?post=342678"},{"taxonomy":"product_tag","embeddable":true,"href":"https:\/\/www.arclite-shop.de\/fr\/wp-json\/wp\/v2\/product_tag?post=342678"}],"curies":[{"name":"wp","href":"https:\/\/api.w.org\/{rel}","templated":true}]}}