{"id":342675,"date":"2024-10-31T10:35:21","date_gmt":"2024-10-31T09:35:21","guid":{"rendered":"https:\/\/www.arclite-shop.de\/produkt\/73-89800124\/"},"modified":"2026-04-18T17:02:46","modified_gmt":"2026-04-18T15:02:46","slug":"73-89800124","status":"publish","type":"product","link":"https:\/\/www.arclite-shop.de\/fr\/produkt\/73-89800124\/","title":{"rendered":"TRIDONIC EM PowerLED 4 W ST FIXATION \u00c0 VIS 89800124"},"content":{"rendered":"<p>Notlicht-LED-Treiber mit Selbsttestfunktion, F\u00fcr einzelbatterieversorgte Notbeleuchtung, SELV f\u00fcr Ausgangsspannung &lt; 60 V DC, \u201eLow profile\u201c-Geh\u00e4use (21 x 30 mm Querschnitt), 5 Jahre Garantie, Bereitschaftsbetrieb, Selbsttest gem\u00e4\u00df IEC 62034, Konstantstrombetrieb, Wahlweise mit Schraubbefestigung oder Steckbefestigung (Clip-fix), 1, 2 oder 3 h Bemessungsbetriebsdauer, Betriebsdauer mit Stecker (Jumper) w\u00e4hlbar, Ausgangsleistungsbegrenzung, Zweifarbige LED zur Statusanzeige, \u201eRest mode\u201c-Funktion, Einfache Inbetriebnahme, Automatischer Wiederstart nach LED-Tausch, Elektronisches Multi-Level-Ladesystem, SELV-klassifiziert (Ausg\u00e4nge powerLED, Akku, Status-LED, Pr\u00fcftaster), Verpolungsschutz f\u00fcr Akku, Tiefentladeschutz, Sehr geringer Energieverbrauch des Akkus nach Ansprechen des Tiefentladeschutzes, Kurzschlussfester Akku-Anschluss, Notlicht-LED verf\u00fcgbar, {nobullet} Selbsttest:, Zustand des Akkus, Zustand der LED, Ladebedingung, Funktionstest, Betriebsdauertest, Hochtemperaturzellen, NiCd- oder NiMH-Akkus, 4 Jahre erwartete Lebensdauer, 1 Jahr Garantie, F\u00fcr Akkukompatibilit\u00e4t siehe Datenblatt<\/p>\n","protected":false},"excerpt":{"rendered":"<p>Notlicht-LED-Treiber mit Selbsttestfunktion, F\u00fcr einzelbatterieversorgte Notbeleuchtung, SELV f\u00fcr Ausgangsspannung &lt; 60 V DC, \u201eLow profile\u201c-Geh\u00e4use (21 x 30 mm Querschnitt), 5 Jahre Garantie, Bereitschaftsbetrieb, Selbsttest gem\u00e4\u00df IEC 62034, Konstantstrombetrieb, Wahlweise mit Schraubbefestigung oder Steckbefestigung (Clip-fix), 1, 2 oder 3 h<span class=\"excerpt-hellip\"> [\u2026]<\/span><\/p>\n","protected":false},"featured_media":368523,"template":"","meta":[],"product_brand":[],"product_cat":[85190],"product_tag":[],"class_list":{"0":"post-342675","1":"product","2":"type-product","3":"status-publish","4":"has-post-thumbnail","6":"product_cat-notlichtversorgungszentrale","8":"first","9":"instock","10":"taxable","11":"shipping-taxable","12":"product-type-simple"},"_links":{"self":[{"href":"https:\/\/www.arclite-shop.de\/fr\/wp-json\/wp\/v2\/product\/342675","targetHints":{"allow":["GET"]}}],"collection":[{"href":"https:\/\/www.arclite-shop.de\/fr\/wp-json\/wp\/v2\/product"}],"about":[{"href":"https:\/\/www.arclite-shop.de\/fr\/wp-json\/wp\/v2\/types\/product"}],"wp:featuredmedia":[{"embeddable":true,"href":"https:\/\/www.arclite-shop.de\/fr\/wp-json\/wp\/v2\/media\/368523"}],"wp:attachment":[{"href":"https:\/\/www.arclite-shop.de\/fr\/wp-json\/wp\/v2\/media?parent=342675"}],"wp:term":[{"taxonomy":"product_brand","embeddable":true,"href":"https:\/\/www.arclite-shop.de\/fr\/wp-json\/wp\/v2\/product_brand?post=342675"},{"taxonomy":"product_cat","embeddable":true,"href":"https:\/\/www.arclite-shop.de\/fr\/wp-json\/wp\/v2\/product_cat?post=342675"},{"taxonomy":"product_tag","embeddable":true,"href":"https:\/\/www.arclite-shop.de\/fr\/wp-json\/wp\/v2\/product_tag?post=342675"}],"curies":[{"name":"wp","href":"https:\/\/api.w.org\/{rel}","templated":true}]}}