{"id":342654,"date":"2024-10-31T10:35:09","date_gmt":"2024-10-31T09:35:09","guid":{"rendered":"https:\/\/www.arclite-shop.de\/produkt\/73-89899860\/"},"modified":"2026-04-18T17:03:23","modified_gmt":"2026-04-18T15:03:23","slug":"73-89899860","status":"publish","type":"product","link":"https:\/\/www.arclite-shop.de\/fr\/produkt\/73-89899860\/","title":{"rendered":"Unit\u00e9 de contr\u00f4le d\u2019\u00e9clairage d\u2019urgence TRIDONIC EM aliment\u00e9e  W ST SCREW-FIX 89899860"},"content":{"rendered":"<p>Notlicht-LED-Treiber mit Selbsttestfunktion, F\u00fcr einzelbatterieversorgte Notbeleuchtung, SELV f\u00fcr Ausgangsspannung &lt; 60 V DC, \u201eLow profile\u201c-Geh\u00e4use (21 x 30 mm), 5 Jahre Garantie, Netz- und Notbetrieb, Selbsttest gem\u00e4\u00df IEC 62034, Konstantstrombetrieb, Wahlweise mit Schraubbefestigung oder Steckbefestigung (Clip-fix), 1, 2 oder 3 h Bemessungsbetriebsdauer, Betriebsdauer mit Stecker (Jumper) w\u00e4hlbar, Ausgangsleistungsbegrenzung, Zweifarbige LED zur Statusanzeige, \u201eRest mode\u201c-Funktion, Einfache Inbetriebnahme, Automatischer Wiederstart nach LED-Tausch, Elektronisches Multi-Level-Ladesystem, SELV-klassifiziert (Ausg\u00e4nge powerLED, Akku, Status-LED, Pr\u00fcftaster), Verpolungsschutz f\u00fcr Akku, Tiefentladeschutz, Sehr geringer Energieverbrauch des Akkus nach Ansprechen des Tiefentladeschutzes, Kurzschlussfester Akku-Anschluss, Notlicht-LED verf\u00fcgbar, {nobullet} Selbsttest:, Zustand des Akkus, Zustand der LED, Ladebedingung, Funktionstest, Betriebsdauertest, Hochtemperaturzellen 2 Ah, NiMH-Akkus, Cs-Zellen, 4 Jahre erwartete Lebensdauer, 1 Jahr Garantie, F\u00fcr Akkukompatibilit\u00e4t siehe Datenblatt<\/p>\n","protected":false},"excerpt":{"rendered":"<p>Notlicht-LED-Treiber mit Selbsttestfunktion, F\u00fcr einzelbatterieversorgte Notbeleuchtung, SELV f\u00fcr Ausgangsspannung &lt; 60 V DC, \u201eLow profile\u201c-Geh\u00e4use (21 x 30 mm), 5 Jahre Garantie, Netz- und Notbetrieb, Selbsttest gem\u00e4\u00df IEC 62034, Konstantstrombetrieb, Wahlweise mit Schraubbefestigung oder Steckbefestigung (Clip-fix), 1, 2 oder 3<span class=\"excerpt-hellip\"> [\u2026]<\/span><\/p>\n","protected":false},"featured_media":368543,"template":"","meta":[],"product_brand":[],"product_cat":[85190],"product_tag":[],"class_list":{"0":"post-342654","1":"product","2":"type-product","3":"status-publish","4":"has-post-thumbnail","6":"product_cat-notlichtversorgungszentrale","8":"first","9":"instock","10":"taxable","11":"shipping-taxable","12":"product-type-simple"},"_links":{"self":[{"href":"https:\/\/www.arclite-shop.de\/fr\/wp-json\/wp\/v2\/product\/342654","targetHints":{"allow":["GET"]}}],"collection":[{"href":"https:\/\/www.arclite-shop.de\/fr\/wp-json\/wp\/v2\/product"}],"about":[{"href":"https:\/\/www.arclite-shop.de\/fr\/wp-json\/wp\/v2\/types\/product"}],"wp:featuredmedia":[{"embeddable":true,"href":"https:\/\/www.arclite-shop.de\/fr\/wp-json\/wp\/v2\/media\/368543"}],"wp:attachment":[{"href":"https:\/\/www.arclite-shop.de\/fr\/wp-json\/wp\/v2\/media?parent=342654"}],"wp:term":[{"taxonomy":"product_brand","embeddable":true,"href":"https:\/\/www.arclite-shop.de\/fr\/wp-json\/wp\/v2\/product_brand?post=342654"},{"taxonomy":"product_cat","embeddable":true,"href":"https:\/\/www.arclite-shop.de\/fr\/wp-json\/wp\/v2\/product_cat?post=342654"},{"taxonomy":"product_tag","embeddable":true,"href":"https:\/\/www.arclite-shop.de\/fr\/wp-json\/wp\/v2\/product_tag?post=342654"}],"curies":[{"name":"wp","href":"https:\/\/api.w.org\/{rel}","templated":true}]}}