{"id":342637,"date":"2024-10-31T10:34:59","date_gmt":"2024-10-31T09:34:59","guid":{"rendered":"https:\/\/www.arclite-shop.de\/produkt\/73-28000670\/"},"modified":"2026-04-18T17:03:48","modified_gmt":"2026-04-18T15:03:48","slug":"73-28000670","status":"publish","type":"product","link":"https:\/\/www.arclite-shop.de\/fr\/produkt\/73-28000670\/","title":{"rendered":"TRIDONIC Conducteur LED \u00e0 courant constant LCA 17W 250-700mA one4all SR PRE 28000670"},"content":{"rendered":"<p>Unabh\u00e4ngiger dimmbarer LED-Treiber, Dimmbar mit DALI \/ DALI-2, Dimmbereich 1 &#8230; 100 % (\u00fcber das gesamte Betriebsfenster), Ausgangsstrom einstellbar zwischen 250 \u2013 700 mA mit ready2mains Programmer, I-SELECT 2 Plugs oder DALI, Max. Ausgangsleistung 17 W, Bis zu 86 % Effizienz, Leistungsaufnahme im Stand-by &lt; 0, 2 W, Nominale Lebensdauer bis zu 100.000 h, 5 Jahre Garantie, Geh\u00e4use: Polycarbonat, wei\u00df, Schutzart IP20, Zugentlastung mit der M\u00f6glichkeit der Durchgangsverdrahtung, one4all (DALI-2 DT 6, DSI, switchDIM, corridorFUNCTION), ready2mains (Konfigurieren und Dimmen \u00fcber Netz), Klemmen: 0\u00b0 \/ 45\u00b0 Steckklemmen (Eingang \/ Ausgang), Einstellbarer Ausgangsstrom in 1-mA-Schritten (DALI, ready2mains, I-SELECT 2), Constant Light Output Funktion (CLO), Power-up Fading bei AC, Konfigurieren \u00fcber ready2mains, Servicemonitor protokolliert bestimmte Ereignisse, Schutzfunktionen (\u00dcbertemperatur, Kurzschluss, \u00dcberlast, Leerlauf, Eingangsspannungsbereich, reduzierte Sto\u00dfstromverst\u00e4rkung), Intelligent Voltage Guard (\u00dcberspannungs- und Unterspannungs\u00fcberwachung), Geeignet f\u00fcr Sicherheitsbeleuchtungsanlagen gem\u00e4\u00df EN 50172, F\u00fcr Drahtdurchmesser bis 2, 5 mm\u00b2, Anwendungsorientiertes Betriebsfenster f\u00fcr max. Kompatibilit\u00e4t, Hohe Energieeinsparungen durch geringe Stand-by-Verluste und hohe Effizienz, Flexible Konfiguration \u00fcber DALI, ready2mains und I-SELECT 2, Werkzeuglose Montage, F\u00fcr Downlight, Strahler und dekorative Anwendungen<\/p>\n","protected":false},"excerpt":{"rendered":"<p>Unabh\u00e4ngiger dimmbarer LED-Treiber, Dimmbar mit DALI \/ DALI-2, Dimmbereich 1 &#8230; 100 % (\u00fcber das gesamte Betriebsfenster), Ausgangsstrom einstellbar zwischen 250 \u2013 700 mA mit ready2mains Programmer, I-SELECT 2 Plugs oder DALI, Max. Ausgangsleistung 17 W, Bis zu 86 %<span class=\"excerpt-hellip\"> [\u2026]<\/span><\/p>\n","protected":false},"featured_media":368557,"template":"","meta":[],"product_brand":[],"product_cat":[84574],"product_tag":[],"class_list":{"0":"post-342637","1":"product","2":"type-product","3":"status-publish","4":"has-post-thumbnail","6":"product_cat-elektrisches-zubehoer-ersatzteile-fuer-leuchten","8":"first","9":"outofstock","10":"taxable","11":"shipping-taxable","12":"product-type-simple"},"_links":{"self":[{"href":"https:\/\/www.arclite-shop.de\/fr\/wp-json\/wp\/v2\/product\/342637","targetHints":{"allow":["GET"]}}],"collection":[{"href":"https:\/\/www.arclite-shop.de\/fr\/wp-json\/wp\/v2\/product"}],"about":[{"href":"https:\/\/www.arclite-shop.de\/fr\/wp-json\/wp\/v2\/types\/product"}],"wp:featuredmedia":[{"embeddable":true,"href":"https:\/\/www.arclite-shop.de\/fr\/wp-json\/wp\/v2\/media\/368557"}],"wp:attachment":[{"href":"https:\/\/www.arclite-shop.de\/fr\/wp-json\/wp\/v2\/media?parent=342637"}],"wp:term":[{"taxonomy":"product_brand","embeddable":true,"href":"https:\/\/www.arclite-shop.de\/fr\/wp-json\/wp\/v2\/product_brand?post=342637"},{"taxonomy":"product_cat","embeddable":true,"href":"https:\/\/www.arclite-shop.de\/fr\/wp-json\/wp\/v2\/product_cat?post=342637"},{"taxonomy":"product_tag","embeddable":true,"href":"https:\/\/www.arclite-shop.de\/fr\/wp-json\/wp\/v2\/product_tag?post=342637"}],"curies":[{"name":"wp","href":"https:\/\/api.w.org\/{rel}","templated":true}]}}