{"id":342628,"date":"2024-10-31T10:34:52","date_gmt":"2024-10-31T09:34:52","guid":{"rendered":"https:\/\/www.arclite-shop.de\/produkt\/73-28000897\/"},"modified":"2026-04-18T17:04:08","modified_gmt":"2026-04-18T15:04:08","slug":"73-28000897","status":"publish","type":"product","link":"https:\/\/www.arclite-shop.de\/fr\/produkt\/73-28000897\/","title":{"rendered":"Multicapteur TRIDONIC pour syst\u00e8me ComfortDIM DALI-MSensor 02 5DPI 41f 28000897"},"content":{"rendered":"<p>Baustein des comfortDIM-Systems (DALI-Stand-alone), Mit umgebungslichtabh\u00e4ngiger Regelung und Bewegungsmeldung, Einfache Gruppenzuordnung \u00fcber Drehschalter, Mehrere MSensoren in einer Gruppe m\u00f6glich, Mit Fernbedienung steuerbar, Lichtregelung und Bewegungsmeldung deaktivierbar, Individuelle Anpassung der Parameter mit Konfigurations-Software, Multi-Master-f\u00e4hig: Mehrere Steuermodule in einem DALI-System m\u00f6glich, Stromversorgung \u00fcber DALI-Leitung, 5 Jahre Garantie<\/p>\n","protected":false},"excerpt":{"rendered":"<p>Baustein des comfortDIM-Systems (DALI-Stand-alone), Mit umgebungslichtabh\u00e4ngiger Regelung und Bewegungsmeldung, Einfache Gruppenzuordnung \u00fcber Drehschalter, Mehrere MSensoren in einer Gruppe m\u00f6glich, Mit Fernbedienung steuerbar, Lichtregelung und Bewegungsmeldung deaktivierbar, Individuelle Anpassung der Parameter mit Konfigurations-Software, Multi-Master-f\u00e4hig: Mehrere Steuermodule in einem DALI-System m\u00f6glich, Stromversorgung<span class=\"excerpt-hellip\"> [\u2026]<\/span><\/p>\n","protected":false},"featured_media":368571,"template":"","meta":[],"product_brand":[],"product_cat":[85164],"product_tag":[],"class_list":{"0":"post-342628","1":"product","2":"type-product","3":"status-publish","4":"has-post-thumbnail","6":"product_cat-bussystem-sensorueberwachung","8":"first","9":"instock","10":"taxable","11":"shipping-taxable","12":"product-type-simple"},"_links":{"self":[{"href":"https:\/\/www.arclite-shop.de\/fr\/wp-json\/wp\/v2\/product\/342628","targetHints":{"allow":["GET"]}}],"collection":[{"href":"https:\/\/www.arclite-shop.de\/fr\/wp-json\/wp\/v2\/product"}],"about":[{"href":"https:\/\/www.arclite-shop.de\/fr\/wp-json\/wp\/v2\/types\/product"}],"wp:featuredmedia":[{"embeddable":true,"href":"https:\/\/www.arclite-shop.de\/fr\/wp-json\/wp\/v2\/media\/368571"}],"wp:attachment":[{"href":"https:\/\/www.arclite-shop.de\/fr\/wp-json\/wp\/v2\/media?parent=342628"}],"wp:term":[{"taxonomy":"product_brand","embeddable":true,"href":"https:\/\/www.arclite-shop.de\/fr\/wp-json\/wp\/v2\/product_brand?post=342628"},{"taxonomy":"product_cat","embeddable":true,"href":"https:\/\/www.arclite-shop.de\/fr\/wp-json\/wp\/v2\/product_cat?post=342628"},{"taxonomy":"product_tag","embeddable":true,"href":"https:\/\/www.arclite-shop.de\/fr\/wp-json\/wp\/v2\/product_tag?post=342628"}],"curies":[{"name":"wp","href":"https:\/\/api.w.org\/{rel}","templated":true}]}}