{"id":342625,"date":"2024-10-31T10:34:50","date_gmt":"2024-10-31T09:34:50","guid":{"rendered":"https:\/\/www.arclite-shop.de\/produkt\/73-28002383\/"},"modified":"2026-04-18T17:04:12","modified_gmt":"2026-04-18T15:04:12","slug":"73-28002383","status":"publish","type":"product","link":"https:\/\/www.arclite-shop.de\/fr\/produkt\/73-28002383\/","title":{"rendered":"Composant TRIDONIC pour circuits de protection SPD 10kV CE SNC 28002383"},"content":{"rendered":"<p>Der gesicherte Klemmenausgang L\u2018 unterbricht die Spannungsversorgung des LED-Treibers im Falle von \u00dcbertemperatur oder Spannungsspitzen oberhalb des gesch\u00fctzen Bereichs, Universeller Einsatz f\u00fcr Stra\u00dfen-, Tunnel- oder Objektbeleuchtung, Flexible Installation, Befestigung \u00fcber integrierte Langl\u00f6cher, Kompakte Bauform, Optische Statusanzeige, Anschluss in Stich- oder Durchgangsverdrahtung, Doppelte bzw. verst\u00e4rkte Isolation, 5 Jahre Garantie, Geh\u00e4use: Kunststoff, grau, Schutzart IP20, Perfekt f\u00fcr Einbauanwendungen<\/p>\n","protected":false},"excerpt":{"rendered":"<p>Der gesicherte Klemmenausgang L\u2018 unterbricht die Spannungsversorgung des LED-Treibers im Falle von \u00dcbertemperatur oder Spannungsspitzen oberhalb des gesch\u00fctzen Bereichs, Universeller Einsatz f\u00fcr Stra\u00dfen-, Tunnel- oder Objektbeleuchtung, Flexible Installation, Befestigung \u00fcber integrierte Langl\u00f6cher, Kompakte Bauform, Optische Statusanzeige, Anschluss in Stich- oder<span class=\"excerpt-hellip\"> [\u2026]<\/span><\/p>\n","protected":false},"featured_media":368579,"template":"","meta":[],"product_brand":[],"product_cat":[85163],"product_tag":[],"class_list":{"0":"post-342625","1":"product","2":"type-product","3":"status-publish","4":"has-post-thumbnail","6":"product_cat-baustein-fuer-schutzbeschaltung","8":"first","9":"instock","10":"taxable","11":"shipping-taxable","12":"product-type-simple"},"_links":{"self":[{"href":"https:\/\/www.arclite-shop.de\/fr\/wp-json\/wp\/v2\/product\/342625","targetHints":{"allow":["GET"]}}],"collection":[{"href":"https:\/\/www.arclite-shop.de\/fr\/wp-json\/wp\/v2\/product"}],"about":[{"href":"https:\/\/www.arclite-shop.de\/fr\/wp-json\/wp\/v2\/types\/product"}],"wp:featuredmedia":[{"embeddable":true,"href":"https:\/\/www.arclite-shop.de\/fr\/wp-json\/wp\/v2\/media\/368579"}],"wp:attachment":[{"href":"https:\/\/www.arclite-shop.de\/fr\/wp-json\/wp\/v2\/media?parent=342625"}],"wp:term":[{"taxonomy":"product_brand","embeddable":true,"href":"https:\/\/www.arclite-shop.de\/fr\/wp-json\/wp\/v2\/product_brand?post=342625"},{"taxonomy":"product_cat","embeddable":true,"href":"https:\/\/www.arclite-shop.de\/fr\/wp-json\/wp\/v2\/product_cat?post=342625"},{"taxonomy":"product_tag","embeddable":true,"href":"https:\/\/www.arclite-shop.de\/fr\/wp-json\/wp\/v2\/product_tag?post=342625"}],"curies":[{"name":"wp","href":"https:\/\/api.w.org\/{rel}","templated":true}]}}