{"id":342617,"date":"2024-10-31T10:34:46","date_gmt":"2024-10-31T09:34:46","guid":{"rendered":"https:\/\/www.arclite-shop.de\/produkt\/73-28003391\/"},"modified":"2026-04-18T17:04:24","modified_gmt":"2026-04-18T15:04:24","slug":"73-28003391","status":"publish","type":"product","link":"https:\/\/www.arclite-shop.de\/fr\/produkt\/73-28003391\/","title":{"rendered":"Module de contr\u00f4le TRIDONIC avec lumi\u00e8re ambiante et capteur de mouvement basicDIM ILD G2 SRC 20 5DPI WH 28003391"},"content":{"rendered":"<p>F\u00fcr bis zu 20 DALI-2 Treiber, erweiterbar mit DALI-2 Input Devices (siehe Datenblatt 3.1 Verdrahtung)<br \/>\nIntegrierter Applicationcontroller<br \/>\n2 DALI Gruppen mit einstellbarem Offset<br \/>\nUmgebungslicht\u00fcberwachung und Bewegungserkennung<br \/>\nInfrarot-Fernbedienungen f\u00fcr Konfiguration und Bedienung<br \/>\nStromversorgung \u00fcber DALI-Leitung<br \/>\nShutter zur Verhinderung von Bewegungserkennung in einer Richtung enthalten<br \/>\nKleine Abmessungen erm\u00f6glichen eine einfache und unauff\u00e4llige Integration in Leuchten<br \/>\nF\u00fcr Leuchten der Schutzklasse II<br \/>\nGro\u00dfe Auswahl an Zubeh\u00f6r erm\u00f6glicht einen erweiterten Anwendungsbereich<br \/>\n5 Jahre Garantie<\/p>\n","protected":false},"excerpt":{"rendered":"<p>F\u00fcr bis zu 20 DALI-2 Treiber, erweiterbar mit DALI-2 Input Devices (siehe Datenblatt 3.1 Verdrahtung) Integrierter Applicationcontroller 2 DALI Gruppen mit einstellbarem Offset Umgebungslicht\u00fcberwachung und Bewegungserkennung Infrarot-Fernbedienungen f\u00fcr Konfiguration und Bedienung Stromversorgung \u00fcber DALI-Leitung Shutter zur Verhinderung von Bewegungserkennung in<span class=\"excerpt-hellip\"> [\u2026]<\/span><\/p>\n","protected":false},"featured_media":368589,"template":"","meta":[],"product_brand":[],"product_cat":[84959],"product_tag":[],"class_list":{"0":"post-342617","1":"product","2":"type-product","3":"status-publish","4":"has-post-thumbnail","6":"product_cat-lichtregelsystemkomponente","8":"first","9":"instock","10":"taxable","11":"shipping-taxable","12":"product-type-simple"},"_links":{"self":[{"href":"https:\/\/www.arclite-shop.de\/fr\/wp-json\/wp\/v2\/product\/342617","targetHints":{"allow":["GET"]}}],"collection":[{"href":"https:\/\/www.arclite-shop.de\/fr\/wp-json\/wp\/v2\/product"}],"about":[{"href":"https:\/\/www.arclite-shop.de\/fr\/wp-json\/wp\/v2\/types\/product"}],"wp:featuredmedia":[{"embeddable":true,"href":"https:\/\/www.arclite-shop.de\/fr\/wp-json\/wp\/v2\/media\/368589"}],"wp:attachment":[{"href":"https:\/\/www.arclite-shop.de\/fr\/wp-json\/wp\/v2\/media?parent=342617"}],"wp:term":[{"taxonomy":"product_brand","embeddable":true,"href":"https:\/\/www.arclite-shop.de\/fr\/wp-json\/wp\/v2\/product_brand?post=342617"},{"taxonomy":"product_cat","embeddable":true,"href":"https:\/\/www.arclite-shop.de\/fr\/wp-json\/wp\/v2\/product_cat?post=342617"},{"taxonomy":"product_tag","embeddable":true,"href":"https:\/\/www.arclite-shop.de\/fr\/wp-json\/wp\/v2\/product_tag?post=342617"}],"curies":[{"name":"wp","href":"https:\/\/api.w.org\/{rel}","templated":true}]}}