{"id":342613,"date":"2024-10-31T10:34:44","date_gmt":"2024-10-31T09:34:44","guid":{"rendered":"https:\/\/www.arclite-shop.de\/produkt\/73-28003498\/"},"modified":"2026-04-18T17:04:33","modified_gmt":"2026-04-18T15:04:33","slug":"73-28003498","status":"publish","type":"product","link":"https:\/\/www.arclite-shop.de\/fr\/produkt\/73-28003498\/","title":{"rendered":"D\u00e9tecteur de mouvement TRIDONIC pour installation d\u2019\u00e9clairage smartSWITCH HF 12DP MB f 28003498"},"content":{"rendered":"<p>Bewegungsmelder f\u00fcr den Leuchteneinbau, Bewegungserfassung auch durch Glas und d\u00fcnne Materialien (au\u00dfer Metall), Zum automatischen Ein- und Ausschalten von Leuchten mit elektronischen Vorschaltger\u00e4ten und LED-Treibern, Bright-Out-Funktion: Kein Einschalten der Leuchte bei ausreichender Helligkeit, Verz\u00f6gerungszeit, Erfassungsbereich und Lichtwert der Bright-Out-Funktion einstellbar \u00fcber 9 Dip-Schalter, Max. Installationsh\u00f6he 12 m, Weiter Installationsbereich dank zwei Geh\u00e4useformen, Einstellbarer Erfassungsbereich (100 \u2013 10 %), Schaltet bei Nulldurchgang, 5 Jahre Garantie<\/p>\n","protected":false},"excerpt":{"rendered":"<p>Bewegungsmelder f\u00fcr den Leuchteneinbau, Bewegungserfassung auch durch Glas und d\u00fcnne Materialien (au\u00dfer Metall), Zum automatischen Ein- und Ausschalten von Leuchten mit elektronischen Vorschaltger\u00e4ten und LED-Treibern, Bright-Out-Funktion: Kein Einschalten der Leuchte bei ausreichender Helligkeit, Verz\u00f6gerungszeit, Erfassungsbereich und Lichtwert der Bright-Out-Funktion einstellbar<span class=\"excerpt-hellip\"> [\u2026]<\/span><\/p>\n","protected":false},"featured_media":368597,"template":"","meta":[],"product_brand":[],"product_cat":[84959],"product_tag":[],"class_list":{"0":"post-342613","1":"product","2":"type-product","3":"status-publish","4":"has-post-thumbnail","6":"product_cat-lichtregelsystemkomponente","8":"first","9":"instock","10":"taxable","11":"shipping-taxable","12":"product-type-simple"},"_links":{"self":[{"href":"https:\/\/www.arclite-shop.de\/fr\/wp-json\/wp\/v2\/product\/342613","targetHints":{"allow":["GET"]}}],"collection":[{"href":"https:\/\/www.arclite-shop.de\/fr\/wp-json\/wp\/v2\/product"}],"about":[{"href":"https:\/\/www.arclite-shop.de\/fr\/wp-json\/wp\/v2\/types\/product"}],"wp:featuredmedia":[{"embeddable":true,"href":"https:\/\/www.arclite-shop.de\/fr\/wp-json\/wp\/v2\/media\/368597"}],"wp:attachment":[{"href":"https:\/\/www.arclite-shop.de\/fr\/wp-json\/wp\/v2\/media?parent=342613"}],"wp:term":[{"taxonomy":"product_brand","embeddable":true,"href":"https:\/\/www.arclite-shop.de\/fr\/wp-json\/wp\/v2\/product_brand?post=342613"},{"taxonomy":"product_cat","embeddable":true,"href":"https:\/\/www.arclite-shop.de\/fr\/wp-json\/wp\/v2\/product_cat?post=342613"},{"taxonomy":"product_tag","embeddable":true,"href":"https:\/\/www.arclite-shop.de\/fr\/wp-json\/wp\/v2\/product_tag?post=342613"}],"curies":[{"name":"wp","href":"https:\/\/api.w.org\/{rel}","templated":true}]}}