{"id":342612,"date":"2024-10-31T10:34:43","date_gmt":"2024-10-31T09:34:43","guid":{"rendered":"https:\/\/www.arclite-shop.de\/produkt\/73-28003394\/"},"modified":"2026-04-18T17:04:38","modified_gmt":"2026-04-18T15:04:38","slug":"73-28003394","status":"publish","type":"product","link":"https:\/\/www.arclite-shop.de\/fr\/produkt\/73-28003394\/","title":{"rendered":"Interface \u00e0 boutons-poussoirs TRIDONIC pour syst\u00e8me ILD G2 basicDIM ILD G2 CWM 20 PBI1 28003394"},"content":{"rendered":"<p>Push Button Interface (PBI) f\u00fcr ILD G2 System<br \/>\nTastendruck kurz: Ein \/ Aus (Werkseinstellung)<br \/>\nTastendruck lang: Dim Up \/ Dim Down (Werkseinstellung)<br \/>\nDoppelter Tastendruck: neuen Wert f\u00fcr die Lichtregulierung einstellen (Werkseinstellung)<br \/>\nDurchgangsverdrahtung DA1 \/ DA2 m\u00f6glich<br \/>\nAbtrennbare Befestigungslasche, erm\u00f6glicht den Einbau in Verteilerdosen und Leuchten.Ein dauerhafter Kurzschluss zwischen T1a und T1b f\u00fchrt zu einer eingeschr\u00e4nkten Funktion<br \/>\nEs d\u00fcrfen ausschlie\u00dflich Taster verwendet werden<\/p>\n","protected":false},"excerpt":{"rendered":"<p>Push Button Interface (PBI) f\u00fcr ILD G2 System Tastendruck kurz: Ein \/ Aus (Werkseinstellung) Tastendruck lang: Dim Up \/ Dim Down (Werkseinstellung) Doppelter Tastendruck: neuen Wert f\u00fcr die Lichtregulierung einstellen (Werkseinstellung) Durchgangsverdrahtung DA1 \/ DA2 m\u00f6glich Abtrennbare Befestigungslasche, erm\u00f6glicht den<span class=\"excerpt-hellip\"> [\u2026]<\/span><\/p>\n","protected":false},"featured_media":368601,"template":"","meta":[],"product_brand":[],"product_cat":[84959],"product_tag":[],"class_list":{"0":"post-342612","1":"product","2":"type-product","3":"status-publish","4":"has-post-thumbnail","6":"product_cat-lichtregelsystemkomponente","8":"first","9":"instock","10":"taxable","11":"shipping-taxable","12":"product-type-simple"},"_links":{"self":[{"href":"https:\/\/www.arclite-shop.de\/fr\/wp-json\/wp\/v2\/product\/342612","targetHints":{"allow":["GET"]}}],"collection":[{"href":"https:\/\/www.arclite-shop.de\/fr\/wp-json\/wp\/v2\/product"}],"about":[{"href":"https:\/\/www.arclite-shop.de\/fr\/wp-json\/wp\/v2\/types\/product"}],"wp:featuredmedia":[{"embeddable":true,"href":"https:\/\/www.arclite-shop.de\/fr\/wp-json\/wp\/v2\/media\/368601"}],"wp:attachment":[{"href":"https:\/\/www.arclite-shop.de\/fr\/wp-json\/wp\/v2\/media?parent=342612"}],"wp:term":[{"taxonomy":"product_brand","embeddable":true,"href":"https:\/\/www.arclite-shop.de\/fr\/wp-json\/wp\/v2\/product_brand?post=342612"},{"taxonomy":"product_cat","embeddable":true,"href":"https:\/\/www.arclite-shop.de\/fr\/wp-json\/wp\/v2\/product_cat?post=342612"},{"taxonomy":"product_tag","embeddable":true,"href":"https:\/\/www.arclite-shop.de\/fr\/wp-json\/wp\/v2\/product_tag?post=342612"}],"curies":[{"name":"wp","href":"https:\/\/api.w.org\/{rel}","templated":true}]}}