{"id":342611,"date":"2024-10-31T10:34:43","date_gmt":"2024-10-31T09:34:43","guid":{"rendered":"https:\/\/www.arclite-shop.de\/produkt\/73-28003419\/"},"modified":"2026-04-18T17:04:36","modified_gmt":"2026-04-18T15:04:36","slug":"73-28003419","status":"publish","type":"product","link":"https:\/\/www.arclite-shop.de\/fr\/produkt\/73-28003419\/","title":{"rendered":"Chevalet TRIDONIC pour le syst\u00e8me \u00e0 cordes DC BRIDGE DALI \/ 0-10V PLC DC-STR 28003419"},"content":{"rendered":"<p>Bridge zur Umwandlung von analogen Signalen oder digitalen DALI \/ DALI-2 Signalen in PLC-Signale zur DC-String-Dimmung, Hinweis: Die Bridge funktioniert aufgrund der PLC-Technologie nur mit Tridonic 48 V DC-String LED-Treiber (in Kombination mit 48 V LMI DC-Boards). Einen fehlerfreien Betrieb mit 48 V Treibern von Fremdherstellern wird nicht garantiert., Zum Anschluss eines dimmbaren DC-String LMI LED Drivers in 0 &#8230; 10 V oder DALI Steuerungssystemen, Im Auslieferungszustand ist 0 &#8230; 10 V aktiv (Details siehe Datenblatt Kapitel 4.1), F\u00fcr maximal 20 DC-String LMI LED-Treiber, Ein- \/ Ausschalten \u00fcber DC-STR UNV FO Driver 0 &#8230; 10 V oder DALI, F\u00fcr die Funktion \u201eGruppendimmen\u201c mit Standard 0 &#8230; 10 V Dimmern oder individuelles Dimmen \u00fcber DALI, Class 2 Steuerger\u00e4t, Geh\u00e4use: Polycarbonat, wei\u00df, 5 Jahre Garantie<\/p>\n","protected":false},"excerpt":{"rendered":"<p>Bridge zur Umwandlung von analogen Signalen oder digitalen DALI \/ DALI-2 Signalen in PLC-Signale zur DC-String-Dimmung, Hinweis: Die Bridge funktioniert aufgrund der PLC-Technologie nur mit Tridonic 48 V DC-String LED-Treiber (in Kombination mit 48 V LMI DC-Boards). Einen fehlerfreien Betrieb<span class=\"excerpt-hellip\"> [\u2026]<\/span><\/p>\n","protected":false},"featured_media":368599,"template":"","meta":[],"product_brand":[],"product_cat":[84959],"product_tag":[],"class_list":{"0":"post-342611","1":"product","2":"type-product","3":"status-publish","4":"has-post-thumbnail","6":"product_cat-lichtregelsystemkomponente","8":"first","9":"instock","10":"taxable","11":"shipping-taxable","12":"product-type-simple"},"_links":{"self":[{"href":"https:\/\/www.arclite-shop.de\/fr\/wp-json\/wp\/v2\/product\/342611","targetHints":{"allow":["GET"]}}],"collection":[{"href":"https:\/\/www.arclite-shop.de\/fr\/wp-json\/wp\/v2\/product"}],"about":[{"href":"https:\/\/www.arclite-shop.de\/fr\/wp-json\/wp\/v2\/types\/product"}],"wp:featuredmedia":[{"embeddable":true,"href":"https:\/\/www.arclite-shop.de\/fr\/wp-json\/wp\/v2\/media\/368599"}],"wp:attachment":[{"href":"https:\/\/www.arclite-shop.de\/fr\/wp-json\/wp\/v2\/media?parent=342611"}],"wp:term":[{"taxonomy":"product_brand","embeddable":true,"href":"https:\/\/www.arclite-shop.de\/fr\/wp-json\/wp\/v2\/product_brand?post=342611"},{"taxonomy":"product_cat","embeddable":true,"href":"https:\/\/www.arclite-shop.de\/fr\/wp-json\/wp\/v2\/product_cat?post=342611"},{"taxonomy":"product_tag","embeddable":true,"href":"https:\/\/www.arclite-shop.de\/fr\/wp-json\/wp\/v2\/product_tag?post=342611"}],"curies":[{"name":"wp","href":"https:\/\/api.w.org\/{rel}","templated":true}]}}