{"id":342603,"date":"2024-10-31T10:34:38","date_gmt":"2024-10-31T09:34:38","guid":{"rendered":"https:\/\/www.arclite-shop.de\/produkt\/73-28002681\/"},"modified":"2026-04-18T17:04:51","modified_gmt":"2026-04-18T15:04:51","slug":"73-28002681","status":"publish","type":"product","link":"https:\/\/www.arclite-shop.de\/fr\/produkt\/73-28002681\/","title":{"rendered":"TRIDONIC Sc\u00e8ne de contr\u00f4le d\u2019\u00e9clairage ind\u00e9pendantCOM XL  002681"},"content":{"rendered":"<p>Unabh\u00e4ngige Lichtsteuerung f\u00fcr bis zu 192 DALI Ger\u00e4te an 3 DALI-Linien, Einfache Konfiguration \u00fcber WEB Schnittstelle, DALI-Kreis \u00fcbergreifend steuern m\u00f6glich, DALI Notlicht Testplanung und \u00dcberwachung (mit sceneCOM XL EM und sceneCOM XL EM Bac, bis zu 50 Notlichtger\u00e4te), Entspricht der IEC 62034, 5 Jahre Garantie, Geh\u00e4use: Polycarbonat, wei\u00df, Schutzart IP20, F\u00fcr Schaltschrankeinbau, 3 DALI-Linien, BACnet Schnittstelle (sceneCOM XL EM Bac), Klemmen: Schraubklemmen, Adressierungsassistent, Anwesenheitsabh\u00e4ngige Steuerung, Lokale und herunterladbare Datensicherung, Frei programmierbare Tagesplanung mit Kalenderfunktion, Notleuchten mit Einzelbatterie, Frei programmierbare Shows, RGB und Tunable White, Stimmungen und Zonen<\/p>\n","protected":false},"excerpt":{"rendered":"<p>Unabh\u00e4ngige Lichtsteuerung f\u00fcr bis zu 192 DALI Ger\u00e4te an 3 DALI-Linien, Einfache Konfiguration \u00fcber WEB Schnittstelle, DALI-Kreis \u00fcbergreifend steuern m\u00f6glich, DALI Notlicht Testplanung und \u00dcberwachung (mit sceneCOM XL EM und sceneCOM XL EM Bac, bis zu 50 Notlichtger\u00e4te), Entspricht der<span class=\"excerpt-hellip\"> [\u2026]<\/span><\/p>\n","protected":false},"featured_media":368607,"template":"","meta":[],"product_brand":[],"product_cat":[84959],"product_tag":[],"class_list":{"0":"post-342603","1":"product","2":"type-product","3":"status-publish","4":"has-post-thumbnail","6":"product_cat-lichtregelsystemkomponente","8":"first","9":"instock","10":"taxable","11":"shipping-taxable","12":"product-type-simple"},"_links":{"self":[{"href":"https:\/\/www.arclite-shop.de\/fr\/wp-json\/wp\/v2\/product\/342603","targetHints":{"allow":["GET"]}}],"collection":[{"href":"https:\/\/www.arclite-shop.de\/fr\/wp-json\/wp\/v2\/product"}],"about":[{"href":"https:\/\/www.arclite-shop.de\/fr\/wp-json\/wp\/v2\/types\/product"}],"wp:featuredmedia":[{"embeddable":true,"href":"https:\/\/www.arclite-shop.de\/fr\/wp-json\/wp\/v2\/media\/368607"}],"wp:attachment":[{"href":"https:\/\/www.arclite-shop.de\/fr\/wp-json\/wp\/v2\/media?parent=342603"}],"wp:term":[{"taxonomy":"product_brand","embeddable":true,"href":"https:\/\/www.arclite-shop.de\/fr\/wp-json\/wp\/v2\/product_brand?post=342603"},{"taxonomy":"product_cat","embeddable":true,"href":"https:\/\/www.arclite-shop.de\/fr\/wp-json\/wp\/v2\/product_cat?post=342603"},{"taxonomy":"product_tag","embeddable":true,"href":"https:\/\/www.arclite-shop.de\/fr\/wp-json\/wp\/v2\/product_tag?post=342603"}],"curies":[{"name":"wp","href":"https:\/\/api.w.org\/{rel}","templated":true}]}}