{"id":342578,"date":"2024-10-31T10:34:23","date_gmt":"2024-10-31T09:34:23","guid":{"rendered":"https:\/\/www.arclite-shop.de\/produkt\/73-22185237\/"},"modified":"2026-04-18T17:05:35","modified_gmt":"2026-04-18T15:05:35","slug":"73-22185237","status":"publish","type":"product","link":"https:\/\/www.arclite-shop.de\/fr\/produkt\/73-22185237\/","title":{"rendered":"Sortie relais DALI TRIDONIC DALI-RM\/S 4x10A 22185237"},"content":{"rendered":"<p>Schalten von 4 voneinander unabh\u00e4ngigen potentialfreien Kontakten \u00fcber DALI, Max. Schaltstrom pro Kontakt: 10 A bei ohmscher Last (cos F = 1), 1 DALI-Adresse pro Schaltkontakt, F\u00fcr Schaltschrankeinbau, Status-LED zur Anzeige des Betriebszustandes, Pr\u00fcftaster f\u00fcr Installationstest, 5 Jahre Garantie<\/p>\n","protected":false},"excerpt":{"rendered":"<p>Schalten von 4 voneinander unabh\u00e4ngigen potentialfreien Kontakten \u00fcber DALI, Max. Schaltstrom pro Kontakt: 10 A bei ohmscher Last (cos F = 1), 1 DALI-Adresse pro Schaltkontakt, F\u00fcr Schaltschrankeinbau, Status-LED zur Anzeige des Betriebszustandes, Pr\u00fcftaster f\u00fcr Installationstest, 5 Jahre Garantie<\/p>\n","protected":false},"featured_media":368645,"template":"","meta":[],"product_brand":[],"product_cat":[84959],"product_tag":[],"class_list":{"0":"post-342578","1":"product","2":"type-product","3":"status-publish","4":"has-post-thumbnail","6":"product_cat-lichtregelsystemkomponente","8":"first","9":"instock","10":"taxable","11":"shipping-taxable","12":"product-type-simple"},"_links":{"self":[{"href":"https:\/\/www.arclite-shop.de\/fr\/wp-json\/wp\/v2\/product\/342578","targetHints":{"allow":["GET"]}}],"collection":[{"href":"https:\/\/www.arclite-shop.de\/fr\/wp-json\/wp\/v2\/product"}],"about":[{"href":"https:\/\/www.arclite-shop.de\/fr\/wp-json\/wp\/v2\/types\/product"}],"wp:featuredmedia":[{"embeddable":true,"href":"https:\/\/www.arclite-shop.de\/fr\/wp-json\/wp\/v2\/media\/368645"}],"wp:attachment":[{"href":"https:\/\/www.arclite-shop.de\/fr\/wp-json\/wp\/v2\/media?parent=342578"}],"wp:term":[{"taxonomy":"product_brand","embeddable":true,"href":"https:\/\/www.arclite-shop.de\/fr\/wp-json\/wp\/v2\/product_brand?post=342578"},{"taxonomy":"product_cat","embeddable":true,"href":"https:\/\/www.arclite-shop.de\/fr\/wp-json\/wp\/v2\/product_cat?post=342578"},{"taxonomy":"product_tag","embeddable":true,"href":"https:\/\/www.arclite-shop.de\/fr\/wp-json\/wp\/v2\/product_tag?post=342578"}],"curies":[{"name":"wp","href":"https:\/\/api.w.org\/{rel}","templated":true}]}}