{"id":342545,"date":"2024-10-31T10:34:05","date_gmt":"2024-10-31T09:34:05","guid":{"rendered":"https:\/\/www.arclite-shop.de\/produkt\/73-89800090\/"},"modified":"2026-04-18T17:07:53","modified_gmt":"2026-04-18T15:07:53","slug":"73-89800090","status":"publish","type":"product","link":"https:\/\/www.arclite-shop.de\/fr\/produkt\/73-89800090\/","title":{"rendered":"Piles de batterie TRIDONIC Accu-NiCd   55 89800090"},"content":{"rendered":"<p>Hochtemperatur NiCd-Zellen f\u00fcr den Einsatz mit Notlichtger\u00e4ten, 4 Jahre erwartete Lebensdauer, 1 Jahr Garantie ab Lieferdatum, Hochtemperatur-Dauerbetrieb \u2013 abh\u00e4ngig vom verwendeten Notlichtbetriebsger\u00e4t (siehe entsprechendes Notlichtbetriebsger\u00e4t-Datenblatt), Gute Ladeeigenschaften bei hoher Temperatur, Hohe Energie-Aufrechterhaltung des geladenen Akkus, Gepr\u00fcfter Qualit\u00e4tshersteller, In verschiedenen Konfigurationen, Einfacher Anschluss mit Flachstecker bzw. Steckverbinder, Mit Befestigungskappen aus Polykarbonat und Anschlussleitungen, Elektrischer Anschluss mit montierten Endkappen m\u00f6glich, Geeignet f\u00fcr Notlichtbetriebsger\u00e4te gem\u00e4\u00df Norm IEC 60598-2-22<\/p>\n","protected":false},"excerpt":{"rendered":"<p>Hochtemperatur NiCd-Zellen f\u00fcr den Einsatz mit Notlichtger\u00e4ten, 4 Jahre erwartete Lebensdauer, 1 Jahr Garantie ab Lieferdatum, Hochtemperatur-Dauerbetrieb \u2013 abh\u00e4ngig vom verwendeten Notlichtbetriebsger\u00e4t (siehe entsprechendes Notlichtbetriebsger\u00e4t-Datenblatt), Gute Ladeeigenschaften bei hoher Temperatur, Hohe Energie-Aufrechterhaltung des geladenen Akkus, Gepr\u00fcfter Qualit\u00e4tshersteller, In verschiedenen Konfigurationen,<span class=\"excerpt-hellip\"> [\u2026]<\/span><\/p>\n","protected":false},"featured_media":368667,"template":"","meta":[],"product_brand":[],"product_cat":[85125],"product_tag":[],"class_list":{"0":"post-342545","1":"product","2":"type-product","3":"status-publish","4":"has-post-thumbnail","6":"product_cat-akku","8":"first","9":"instock","10":"taxable","11":"shipping-taxable","12":"product-type-simple"},"_links":{"self":[{"href":"https:\/\/www.arclite-shop.de\/fr\/wp-json\/wp\/v2\/product\/342545","targetHints":{"allow":["GET"]}}],"collection":[{"href":"https:\/\/www.arclite-shop.de\/fr\/wp-json\/wp\/v2\/product"}],"about":[{"href":"https:\/\/www.arclite-shop.de\/fr\/wp-json\/wp\/v2\/types\/product"}],"wp:featuredmedia":[{"embeddable":true,"href":"https:\/\/www.arclite-shop.de\/fr\/wp-json\/wp\/v2\/media\/368667"}],"wp:attachment":[{"href":"https:\/\/www.arclite-shop.de\/fr\/wp-json\/wp\/v2\/media?parent=342545"}],"wp:term":[{"taxonomy":"product_brand","embeddable":true,"href":"https:\/\/www.arclite-shop.de\/fr\/wp-json\/wp\/v2\/product_brand?post=342545"},{"taxonomy":"product_cat","embeddable":true,"href":"https:\/\/www.arclite-shop.de\/fr\/wp-json\/wp\/v2\/product_cat?post=342545"},{"taxonomy":"product_tag","embeddable":true,"href":"https:\/\/www.arclite-shop.de\/fr\/wp-json\/wp\/v2\/product_tag?post=342545"}],"curies":[{"name":"wp","href":"https:\/\/api.w.org\/{rel}","templated":true}]}}