{"id":342537,"date":"2024-10-31T10:34:00","date_gmt":"2024-10-31T09:34:00","guid":{"rendered":"https:\/\/www.arclite-shop.de\/produkt\/73-89899955\/"},"modified":"2026-04-18T17:08:28","modified_gmt":"2026-04-18T15:08:28","slug":"73-89899955","status":"publish","type":"product","link":"https:\/\/www.arclite-shop.de\/fr\/produkt\/73-89899955\/","title":{"rendered":"Module de contr\u00f4le d\u2019\u00e9clairage d\u2019urgence TRIDONIC PC 1x8-34 LO DD COMBO 89899955"},"content":{"rendered":"<p>Kombination aus elektronischem Vorschaltger\u00e4t und Notlichtger\u00e4t, F\u00fcr Kompaktleuchtstofflampen, F\u00fcr manuellen Test der Notlichtfunktion, 5 Jahre Garantie, Leichte, einteilige Notlichteinheit, Einfache Verdrahtung, Keine Kompatibilit\u00e4tsprobleme, 3 h Bemessungsbetriebsdauer f\u00fcr TC-DD Ger\u00e4tevarianten, 1 und 3 h Bemessungsbetriebsdauer f\u00fcr TC-D\/T Ger\u00e4tevarianten, Betriebsdauer mit Stecker (Jumper) w\u00e4hlbar, Lampenwarmstart bei Normalbetrieb, Wendelheizung im Notbetrieb bei TC-D\/T-Lampen, AC-Betrieb aller Lampen, Automatischer Wiederstart nach Lampentausch im Normalbetrieb, Gr\u00fcne LED zur Ladestatusanzeige, Intelligent Voltage Guard (\u00dcberspannungsanzeige und Unterspannungsabschaltung), Optionaler Pr\u00fcftaster, \u00dcberpr\u00fcfung der Notlichtfunktion durch Unterbrechung der ungeschalteten Phase, Kleine Abmessungen, IDC-Schneid-Steckklemme, Elektronisch geregelte Akku-Ladung, Tiefentladeschutz, Kurzschlussfester Akku-Anschluss, Verpolungsschutz f\u00fcr Akku, Separater Akkupack, Hochtemperaturzellen, NiCd- oder NiMH-Akkus, D-, Cs- oder LA-Zellen, 4 Jahre erwartete Lebensdauer, 1 Jahr Garantie, F\u00fcr Akkukompatibilit\u00e4t siehe Datenblatt<\/p>\n","protected":false},"excerpt":{"rendered":"<p>Kombination aus elektronischem Vorschaltger\u00e4t und Notlichtger\u00e4t, F\u00fcr Kompaktleuchtstofflampen, F\u00fcr manuellen Test der Notlichtfunktion, 5 Jahre Garantie, Leichte, einteilige Notlichteinheit, Einfache Verdrahtung, Keine Kompatibilit\u00e4tsprobleme, 3 h Bemessungsbetriebsdauer f\u00fcr TC-DD Ger\u00e4tevarianten, 1 und 3 h Bemessungsbetriebsdauer f\u00fcr TC-D\/T Ger\u00e4tevarianten, Betriebsdauer mit Stecker<span class=\"excerpt-hellip\"> [\u2026]<\/span><\/p>\n","protected":false},"featured_media":368673,"template":"","meta":[],"product_brand":[],"product_cat":[85124],"product_tag":[],"class_list":{"0":"post-342537","1":"product","2":"type-product","3":"status-publish","4":"has-post-thumbnail","6":"product_cat-vorschaltgeraet","8":"first","9":"instock","10":"taxable","11":"shipping-taxable","12":"product-type-simple"},"_links":{"self":[{"href":"https:\/\/www.arclite-shop.de\/fr\/wp-json\/wp\/v2\/product\/342537","targetHints":{"allow":["GET"]}}],"collection":[{"href":"https:\/\/www.arclite-shop.de\/fr\/wp-json\/wp\/v2\/product"}],"about":[{"href":"https:\/\/www.arclite-shop.de\/fr\/wp-json\/wp\/v2\/types\/product"}],"wp:featuredmedia":[{"embeddable":true,"href":"https:\/\/www.arclite-shop.de\/fr\/wp-json\/wp\/v2\/media\/368673"}],"wp:attachment":[{"href":"https:\/\/www.arclite-shop.de\/fr\/wp-json\/wp\/v2\/media?parent=342537"}],"wp:term":[{"taxonomy":"product_brand","embeddable":true,"href":"https:\/\/www.arclite-shop.de\/fr\/wp-json\/wp\/v2\/product_brand?post=342537"},{"taxonomy":"product_cat","embeddable":true,"href":"https:\/\/www.arclite-shop.de\/fr\/wp-json\/wp\/v2\/product_cat?post=342537"},{"taxonomy":"product_tag","embeddable":true,"href":"https:\/\/www.arclite-shop.de\/fr\/wp-json\/wp\/v2\/product_tag?post=342537"}],"curies":[{"name":"wp","href":"https:\/\/api.w.org\/{rel}","templated":true}]}}