{"id":342529,"date":"2024-10-31T10:33:56","date_gmt":"2024-10-31T09:33:56","guid":{"rendered":"https:\/\/www.arclite-shop.de\/produkt\/73-87500958\/"},"modified":"2026-04-18T17:08:35","modified_gmt":"2026-04-18T15:08:35","slug":"73-87500958","status":"publish","type":"product","link":"https:\/\/www.arclite-shop.de\/fr\/produkt\/73-87500958\/","title":{"rendered":"TRIDONIC LED Driver \u00e0 courant constant LC 34\/800\/42 fixC SRL ADV2 87500958"},"content":{"rendered":"<p>Unabh\u00e4ngiger LED-Treiber mit Zugentlastungsgeh\u00e4use<br \/>\nExtra flache Ausf\u00fchrung f\u00fcr eingeschr\u00e4nkte Einbaubedingungen (kleine Deckenausschnitte und niedrige Deckenhohlr\u00e4ume)<br \/>\nF\u00fcr Leuchten der Schutzklasse II<br \/>\nF\u00fcr Leuchten mit M und MM gem\u00e4\u00df EN 60598, VDE 0710 und VDE 0711<br \/>\nTemperaturschutz gem\u00e4\u00df EN 61347-2-13 C5e<br \/>\nAusgangsstrom 800 mA<br \/>\nMax. Ausgangsleistung 33, 6 W<br \/>\nNominale Lebensdauer bis zu 50.000 h<br \/>\n5 Jahre Garantie<\/p>\n","protected":false},"excerpt":{"rendered":"<p>Unabh\u00e4ngiger LED-Treiber mit Zugentlastungsgeh\u00e4use Extra flache Ausf\u00fchrung f\u00fcr eingeschr\u00e4nkte Einbaubedingungen (kleine Deckenausschnitte und niedrige Deckenhohlr\u00e4ume) F\u00fcr Leuchten der Schutzklasse II F\u00fcr Leuchten mit M und MM gem\u00e4\u00df EN 60598, VDE 0710 und VDE 0711 Temperaturschutz gem\u00e4\u00df EN 61347-2-13 C5e Ausgangsstrom<span class=\"excerpt-hellip\"> [\u2026]<\/span><\/p>\n","protected":false},"featured_media":368687,"template":"","meta":[],"product_brand":[],"product_cat":[84631],"product_tag":[],"class_list":{"0":"post-342529","1":"product","2":"type-product","3":"status-publish","4":"has-post-thumbnail","6":"product_cat-led-betriebsgeraet","8":"first","9":"instock","10":"taxable","11":"shipping-taxable","12":"product-type-simple"},"_links":{"self":[{"href":"https:\/\/www.arclite-shop.de\/fr\/wp-json\/wp\/v2\/product\/342529","targetHints":{"allow":["GET"]}}],"collection":[{"href":"https:\/\/www.arclite-shop.de\/fr\/wp-json\/wp\/v2\/product"}],"about":[{"href":"https:\/\/www.arclite-shop.de\/fr\/wp-json\/wp\/v2\/types\/product"}],"wp:featuredmedia":[{"embeddable":true,"href":"https:\/\/www.arclite-shop.de\/fr\/wp-json\/wp\/v2\/media\/368687"}],"wp:attachment":[{"href":"https:\/\/www.arclite-shop.de\/fr\/wp-json\/wp\/v2\/media?parent=342529"}],"wp:term":[{"taxonomy":"product_brand","embeddable":true,"href":"https:\/\/www.arclite-shop.de\/fr\/wp-json\/wp\/v2\/product_brand?post=342529"},{"taxonomy":"product_cat","embeddable":true,"href":"https:\/\/www.arclite-shop.de\/fr\/wp-json\/wp\/v2\/product_cat?post=342529"},{"taxonomy":"product_tag","embeddable":true,"href":"https:\/\/www.arclite-shop.de\/fr\/wp-json\/wp\/v2\/product_tag?post=342529"}],"curies":[{"name":"wp","href":"https:\/\/api.w.org\/{rel}","templated":true}]}}