{"id":342502,"date":"2024-10-31T10:33:40","date_gmt":"2024-10-31T09:33:40","guid":{"rendered":"https:\/\/www.arclite-shop.de\/produkt\/73-28003344\/"},"modified":"2026-04-18T17:09:51","modified_gmt":"2026-04-18T15:09:51","slug":"73-28003344","status":"publish","type":"product","link":"https:\/\/www.arclite-shop.de\/fr\/produkt\/73-28003344\/","title":{"rendered":"TRIDONIC LED Driver \u00e0 courant constant LC 10\/250\/42 fixC pc SR SNC2 28003344"},"content":{"rendered":"<p>Dimmbarer Konstantstrom-LED-Treiber (SELV)<br \/>\nUnabh\u00e4ngiger LED-Treiber mit Zugentlastungsgeh\u00e4use<br \/>\nExtra flache Ausf\u00fchrung f\u00fcr eingeschr\u00e4nkte Einbaubedingungen (kleine Deckenausschnitte und niedrige Deckenhohlr\u00e4ume)<br \/>\nDimmbar mittels Phasenan- und Phasenabschnittsdimmer<br \/>\nDimmbereich 5 \u2013 100 % (abh\u00e4ngig vom Dimmer)<br \/>\nF\u00fcr Leuchten mit F oder M und MM gem\u00e4\u00df EN 60598, VDE 0710 und VDE 0711<br \/>\nMax. Ausgangsleistung 10, 5 W<br \/>\nAusgangsstrom 250 mA<br \/>\nNominale Lebensdauer bis zu 50.000 h<br \/>\n5 Jahre Garantie<\/p>\n","protected":false},"excerpt":{"rendered":"<p>Dimmbarer Konstantstrom-LED-Treiber (SELV) Unabh\u00e4ngiger LED-Treiber mit Zugentlastungsgeh\u00e4use Extra flache Ausf\u00fchrung f\u00fcr eingeschr\u00e4nkte Einbaubedingungen (kleine Deckenausschnitte und niedrige Deckenhohlr\u00e4ume) Dimmbar mittels Phasenan- und Phasenabschnittsdimmer Dimmbereich 5 \u2013 100 % (abh\u00e4ngig vom Dimmer) F\u00fcr Leuchten mit F oder M und MM gem\u00e4\u00df<span class=\"excerpt-hellip\"> [\u2026]<\/span><\/p>\n","protected":false},"featured_media":368711,"template":"","meta":[],"product_brand":[],"product_cat":[84631],"product_tag":[],"class_list":{"0":"post-342502","1":"product","2":"type-product","3":"status-publish","4":"has-post-thumbnail","6":"product_cat-led-betriebsgeraet","8":"first","9":"instock","10":"taxable","11":"shipping-taxable","12":"product-type-simple"},"_links":{"self":[{"href":"https:\/\/www.arclite-shop.de\/fr\/wp-json\/wp\/v2\/product\/342502","targetHints":{"allow":["GET"]}}],"collection":[{"href":"https:\/\/www.arclite-shop.de\/fr\/wp-json\/wp\/v2\/product"}],"about":[{"href":"https:\/\/www.arclite-shop.de\/fr\/wp-json\/wp\/v2\/types\/product"}],"wp:featuredmedia":[{"embeddable":true,"href":"https:\/\/www.arclite-shop.de\/fr\/wp-json\/wp\/v2\/media\/368711"}],"wp:attachment":[{"href":"https:\/\/www.arclite-shop.de\/fr\/wp-json\/wp\/v2\/media?parent=342502"}],"wp:term":[{"taxonomy":"product_brand","embeddable":true,"href":"https:\/\/www.arclite-shop.de\/fr\/wp-json\/wp\/v2\/product_brand?post=342502"},{"taxonomy":"product_cat","embeddable":true,"href":"https:\/\/www.arclite-shop.de\/fr\/wp-json\/wp\/v2\/product_cat?post=342502"},{"taxonomy":"product_tag","embeddable":true,"href":"https:\/\/www.arclite-shop.de\/fr\/wp-json\/wp\/v2\/product_tag?post=342502"}],"curies":[{"name":"wp","href":"https:\/\/api.w.org\/{rel}","templated":true}]}}