{"id":342476,"date":"2024-10-31T10:33:25","date_gmt":"2024-10-31T09:33:25","guid":{"rendered":"https:\/\/www.arclite-shop.de\/produkt\/73-28003163\/"},"modified":"2026-04-18T17:11:29","modified_gmt":"2026-04-18T15:11:29","slug":"73-28003163","status":"publish","type":"product","link":"https:\/\/www.arclite-shop.de\/fr\/produkt\/73-28003163\/","title":{"rendered":"TRIDONIC LED Driver \u00e0 courant constant LCO 135\/200-1050\/220 o4a NF C EXC3  003163"},"content":{"rendered":"<p>Dimmbarer Konstantstrom-LED-Treiber f\u00fcr den Leuchteneinbau, Dimmbereich 5 \u2013 100 % (min. 10 mA), F\u00fcr Leuchten der Schutzklasse I und der Schutzklasse II, Temperaturschutz gem\u00e4\u00df EN 61347-2-13 C5e, Ausgangsstrom einstellbar zwischen 200 \u2013 1.050 mA mit NFC, DALI oder ready2mains Programmer, Max. Ausgangsleistung 135 W, Bis zu 93 % Effizienz, Geringe Leistungsaufnahme im Stand-by &lt; 0, 16 W, Nominale Lebensdauer bis zu 100.000 h und 8 Jahre Garantie, Nahfeld-Kommunikation (NFC), one4all (DALI DT 6, DSI, switchDIM, corridorFUNCTION), ready2mains (Konfigurieren \u00fcber Netz), U6Me2 (Konfiguration von chronoSTEP 2 \u00fcber Netz), Klemmen: 45\u00b0 \/ 0\u00b0 Steckklemmen, Einstellbarer Ausgangsstrom in 1-mA-Schritten (NFC, DALI, ready2mains), Programmierbarer chronoSTEP: Zeit und Levels (NFC, DALI, U6Me2, ready2mains), Dimmen \u00fcber Netzspannung (inputDIM), Erweiterte Constant Light Output Funktion (eCLO), Schutzfunktionen (\u00dcbertemperatur, Kurzschluss, \u00dcberlast, Leerlauf, Eingangsspannungsbereich, reduzierte Sto\u00dfstromverst\u00e4rkung), Konfigurierbares externes Temperaturmanagement (ETM), Intelligent Temperature Guard (ITG), Intelligent Voltage Guard Plus (IVG+), Geeignet f\u00fcr Sicherheitsbeleuchtungsanlagen gem\u00e4\u00df EN 50172, Flexible Konfiguration \u00fcber companionSUITE (NFC, DALI, ready2mains\u2122) oder U6Me2 Programmer, Anwendungsorientiertes Betriebsfenster f\u00fcr max. Kompatibilit\u00e4t, Hohe Energieeinsparungen durch geringe Stand-by-Verluste und hohe Effizienz, In-Field-Programmierung m\u00f6glich nach der Installation mit NFC-Schnittstelle und ready2mains, Hoher \u00dcberspannungsschutz: bis zu 10 kV asymmetrisch (Schutzklasse I und II), Stra\u00dfe und Industrie<\/p>\n","protected":false},"excerpt":{"rendered":"<p>Dimmbarer Konstantstrom-LED-Treiber f\u00fcr den Leuchteneinbau, Dimmbereich 5 \u2013 100 % (min. 10 mA), F\u00fcr Leuchten der Schutzklasse I und der Schutzklasse II, Temperaturschutz gem\u00e4\u00df EN 61347-2-13 C5e, Ausgangsstrom einstellbar zwischen 200 \u2013 1.050 mA mit NFC, DALI oder ready2mains Programmer,<span class=\"excerpt-hellip\"> [\u2026]<\/span><\/p>\n","protected":false},"featured_media":368755,"template":"","meta":[],"product_brand":[],"product_cat":[84631],"product_tag":[],"class_list":{"0":"post-342476","1":"product","2":"type-product","3":"status-publish","4":"has-post-thumbnail","6":"product_cat-led-betriebsgeraet","8":"first","9":"instock","10":"taxable","11":"shipping-taxable","12":"product-type-simple"},"_links":{"self":[{"href":"https:\/\/www.arclite-shop.de\/fr\/wp-json\/wp\/v2\/product\/342476","targetHints":{"allow":["GET"]}}],"collection":[{"href":"https:\/\/www.arclite-shop.de\/fr\/wp-json\/wp\/v2\/product"}],"about":[{"href":"https:\/\/www.arclite-shop.de\/fr\/wp-json\/wp\/v2\/types\/product"}],"wp:featuredmedia":[{"embeddable":true,"href":"https:\/\/www.arclite-shop.de\/fr\/wp-json\/wp\/v2\/media\/368755"}],"wp:attachment":[{"href":"https:\/\/www.arclite-shop.de\/fr\/wp-json\/wp\/v2\/media?parent=342476"}],"wp:term":[{"taxonomy":"product_brand","embeddable":true,"href":"https:\/\/www.arclite-shop.de\/fr\/wp-json\/wp\/v2\/product_brand?post=342476"},{"taxonomy":"product_cat","embeddable":true,"href":"https:\/\/www.arclite-shop.de\/fr\/wp-json\/wp\/v2\/product_cat?post=342476"},{"taxonomy":"product_tag","embeddable":true,"href":"https:\/\/www.arclite-shop.de\/fr\/wp-json\/wp\/v2\/product_tag?post=342476"}],"curies":[{"name":"wp","href":"https:\/\/api.w.org\/{rel}","templated":true}]}}