{"id":342465,"date":"2024-10-31T10:33:19","date_gmt":"2024-10-31T09:33:19","guid":{"rendered":"https:\/\/www.arclite-shop.de\/produkt\/73-87500922\/"},"modified":"2026-04-18T17:11:49","modified_gmt":"2026-04-18T15:11:49","slug":"73-87500922","status":"publish","type":"product","link":"https:\/\/www.arclite-shop.de\/fr\/produkt\/73-87500922\/","title":{"rendered":"TRIDONIC LED Driver \u00e0 courant constant LC 27\/100-500\/54 o4a NF SR EXC3 87500922"},"content":{"rendered":"<p>Unabh\u00e4ngiger Konstantstrom-LED-Treiber, Dimmbar mit DALI-2, Dimmbereich von 1 \u2013 100 % (min. 5 mA), Ausgangsstrom einstellbar zwischen 100 \u2013 500 mA mit DALI oder NFC, Max. Ausgangsleistung 27 W, Bis zu 86 % Effizienz, Leistungsaufnahme im Stand-by &lt; 0, 5 W, Nominale Lebensdauer bis zu 100.000 h, 5 Jahre Garantie, Geh\u00e4use: Polycarbonat, wei\u00df, Schutzart IP20, Zugentlastung mit der M\u00f6glichkeit der Durchgangsverdrahtung, Nahfeld-Kommunikation (NFC), one4all (DALI-2 DT 6, switchDIM, corridorFUNCTION V2), Einstellbarer Ausgangsstrom in 1-mA-Schritten (NFC, DALI-2), Constant Light Output Funktion (CLO), Schutzfunktionen (\u00dcbertemperatur, Kurzschluss, \u00dcberlast, Leerlauf), Sto\u00dfschutzspannung 1 kV (L \u2013 N), Geeignet f\u00fcr Sicherheitsbeleuchtungsanlagen gem\u00e4\u00df EN 50172, F\u00fcr Drahtdurchmesser bis 2, 5 mm\u00b2, Flexible Konfiguration \u00fcber companionSUITE (NFC, DALI-2), Anwendungsorientiertes Betriebsfenster f\u00fcr max. Kompatibilit\u00e4t, F\u00fcr Anwendungen in Downlight und dekorative Leuchten<\/p>\n","protected":false},"excerpt":{"rendered":"<p>Unabh\u00e4ngiger Konstantstrom-LED-Treiber, Dimmbar mit DALI-2, Dimmbereich von 1 \u2013 100 % (min. 5 mA), Ausgangsstrom einstellbar zwischen 100 \u2013 500 mA mit DALI oder NFC, Max. Ausgangsleistung 27 W, Bis zu 86 % Effizienz, Leistungsaufnahme im Stand-by &lt; 0, 5<span class=\"excerpt-hellip\"> [\u2026]<\/span><\/p>\n","protected":false},"featured_media":368775,"template":"","meta":[],"product_brand":[],"product_cat":[84631],"product_tag":[],"class_list":{"0":"post-342465","1":"product","2":"type-product","3":"status-publish","4":"has-post-thumbnail","6":"product_cat-led-betriebsgeraet","8":"first","9":"instock","10":"taxable","11":"shipping-taxable","12":"product-type-simple"},"_links":{"self":[{"href":"https:\/\/www.arclite-shop.de\/fr\/wp-json\/wp\/v2\/product\/342465","targetHints":{"allow":["GET"]}}],"collection":[{"href":"https:\/\/www.arclite-shop.de\/fr\/wp-json\/wp\/v2\/product"}],"about":[{"href":"https:\/\/www.arclite-shop.de\/fr\/wp-json\/wp\/v2\/types\/product"}],"wp:featuredmedia":[{"embeddable":true,"href":"https:\/\/www.arclite-shop.de\/fr\/wp-json\/wp\/v2\/media\/368775"}],"wp:attachment":[{"href":"https:\/\/www.arclite-shop.de\/fr\/wp-json\/wp\/v2\/media?parent=342465"}],"wp:term":[{"taxonomy":"product_brand","embeddable":true,"href":"https:\/\/www.arclite-shop.de\/fr\/wp-json\/wp\/v2\/product_brand?post=342465"},{"taxonomy":"product_cat","embeddable":true,"href":"https:\/\/www.arclite-shop.de\/fr\/wp-json\/wp\/v2\/product_cat?post=342465"},{"taxonomy":"product_tag","embeddable":true,"href":"https:\/\/www.arclite-shop.de\/fr\/wp-json\/wp\/v2\/product_tag?post=342465"}],"curies":[{"name":"wp","href":"https:\/\/api.w.org\/{rel}","templated":true}]}}