{"id":342462,"date":"2024-10-31T10:33:17","date_gmt":"2024-10-31T09:33:17","guid":{"rendered":"https:\/\/www.arclite-shop.de\/produkt\/73-87500920\/"},"modified":"2026-04-18T17:11:53","modified_gmt":"2026-04-18T15:11:53","slug":"73-87500920","status":"publish","type":"product","link":"https:\/\/www.arclite-shop.de\/fr\/produkt\/73-87500920\/","title":{"rendered":"TRIDONIC LED Driver \u00e0 courant constant LCI 105\/250-1050\/300 flexC NF lp EXC3 87500920"},"content":{"rendered":"<p>Konstantstrom-LED-Treiber f\u00fcr den Leuchteneinbau, besonders geeignet f\u00fcr industrielle Anwendungen in rauen Umgebungen mit erh\u00f6hten Umgebungstemperaturen, wie zum Beispiel Kaltlagerhallen oder Fabriken, Ausgangsstrom einstellbar zwischen 250 \u2013 1.050 mA, Max. Ausgangsleistung 105 W, Spannungsspitzentauglich (Burst\/Surge) bis zu 4 kV, Erweiterter Temperaturbereich von -40 &#8230; +80 \u00b0C, Nominale Lebensdauer bis zu 120.000 h (bei ta 60 \u00b0C), 8 Jahre Garantie, Wei\u00dfes \u201eslim\u201c-Metallgeh\u00e4use, Schutzart IP20, Nahfeld-Kommunikation (NFC), Klemmen: 45\u00b0 Steckklemmen, Einstellbarer Ausgangsstrom in 1-mA-Schritten (I-SELECT 2 Widerstand oder NFC), Intelligent Temperature Guard (thermische Schutzvorrichtung), Intelligent Voltage Guard (\u00dcberspannungs- und Unterspannungs\u00fcberwachung), Schutzfunktionen (\u00dcbertemperatur, Kurzschluss, \u00dcberlast, Leerlauf, Eingangsspannungsbereich), Geeignet f\u00fcr Sicherheitsbeleuchtungsanlagen gem\u00e4\u00df EN 50172, Flexible Konfiguration \u00fcber companionSUITE (NFC) oder I-SELECT 2, Anwendungsorientiertes Betriebsfenster f\u00fcr max. Kompatibilit\u00e4t, Verbesserte Vibrationseigenschaft, Erh\u00f6hte Sicherheit durch robustes Design und erweiterte Testvorg\u00e4nge unter extremen Testbedingungen, Hohe Verl\u00e4sslichkeit durch die Auswahl exklusiver Komponenten, F\u00fcr Linear- und Fl\u00e4chenbeleuchtung in Industrieanwendungen<\/p>\n","protected":false},"excerpt":{"rendered":"<p>Konstantstrom-LED-Treiber f\u00fcr den Leuchteneinbau, besonders geeignet f\u00fcr industrielle Anwendungen in rauen Umgebungen mit erh\u00f6hten Umgebungstemperaturen, wie zum Beispiel Kaltlagerhallen oder Fabriken, Ausgangsstrom einstellbar zwischen 250 \u2013 1.050 mA, Max. Ausgangsleistung 105 W, Spannungsspitzentauglich (Burst\/Surge) bis zu 4 kV, Erweiterter Temperaturbereich<span class=\"excerpt-hellip\"> [\u2026]<\/span><\/p>\n","protected":false},"featured_media":368781,"template":"","meta":[],"product_brand":[],"product_cat":[84631],"product_tag":[],"class_list":{"0":"post-342462","1":"product","2":"type-product","3":"status-publish","4":"has-post-thumbnail","6":"product_cat-led-betriebsgeraet","8":"first","9":"instock","10":"taxable","11":"shipping-taxable","12":"product-type-simple"},"_links":{"self":[{"href":"https:\/\/www.arclite-shop.de\/fr\/wp-json\/wp\/v2\/product\/342462","targetHints":{"allow":["GET"]}}],"collection":[{"href":"https:\/\/www.arclite-shop.de\/fr\/wp-json\/wp\/v2\/product"}],"about":[{"href":"https:\/\/www.arclite-shop.de\/fr\/wp-json\/wp\/v2\/types\/product"}],"wp:featuredmedia":[{"embeddable":true,"href":"https:\/\/www.arclite-shop.de\/fr\/wp-json\/wp\/v2\/media\/368781"}],"wp:attachment":[{"href":"https:\/\/www.arclite-shop.de\/fr\/wp-json\/wp\/v2\/media?parent=342462"}],"wp:term":[{"taxonomy":"product_brand","embeddable":true,"href":"https:\/\/www.arclite-shop.de\/fr\/wp-json\/wp\/v2\/product_brand?post=342462"},{"taxonomy":"product_cat","embeddable":true,"href":"https:\/\/www.arclite-shop.de\/fr\/wp-json\/wp\/v2\/product_cat?post=342462"},{"taxonomy":"product_tag","embeddable":true,"href":"https:\/\/www.arclite-shop.de\/fr\/wp-json\/wp\/v2\/product_tag?post=342462"}],"curies":[{"name":"wp","href":"https:\/\/api.w.org\/{rel}","templated":true}]}}