{"id":342438,"date":"2024-10-31T10:33:04","date_gmt":"2024-10-31T09:33:04","guid":{"rendered":"https:\/\/www.arclite-shop.de\/produkt\/73-87500902\/"},"modified":"2026-04-18T17:12:32","modified_gmt":"2026-04-18T15:12:32","slug":"73-87500902","status":"publish","type":"product","link":"https:\/\/www.arclite-shop.de\/fr\/produkt\/73-87500902\/","title":{"rendered":"TRIDONIC LED Driver \u00e0 courant constant LC 21\/400-515\/50 fixe 0-10V lp SNC UNV 87500902"},"content":{"rendered":"<p>Konstantstrom-LED-Treiber, Nur f\u00fcr US-Anwendungen, Dimmbar mittels 0 &#8230; 10 V, Dimmbereich von 10 \u2013 100 %, Class 2, FCC Part 15, Erf\u00fcllt UL 8750 SF3.1, Erf\u00fcllt DesignLights Consortium 4.3, Temperaturschutz nach UL8750\/UL, Ausgangsstrom einstellbar 400 oder 515 mA, Max. Ausgangsleistung 21 W, Nominale Lebensdauer bis zu 50.000 h, 5 Jahre Garantie, Geh\u00e4use: Metall, wei\u00df, Schutzart IP20, Trockene und feuchte Umgebung, \u00dcberlastschutz, Kurzschlussschutz, Leerlaufschutz, \u00dcbertemperaturschutz<\/p>\n","protected":false},"excerpt":{"rendered":"<p>Konstantstrom-LED-Treiber, Nur f\u00fcr US-Anwendungen, Dimmbar mittels 0 &#8230; 10 V, Dimmbereich von 10 \u2013 100 %, Class 2, FCC Part 15, Erf\u00fcllt UL 8750 SF3.1, Erf\u00fcllt DesignLights Consortium 4.3, Temperaturschutz nach UL8750\/UL, Ausgangsstrom einstellbar 400 oder 515 mA, Max. Ausgangsleistung<span class=\"excerpt-hellip\"> [\u2026]<\/span><\/p>\n","protected":false},"featured_media":368817,"template":"","meta":[],"product_brand":[],"product_cat":[84631],"product_tag":[],"class_list":{"0":"post-342438","1":"product","2":"type-product","3":"status-publish","4":"has-post-thumbnail","6":"product_cat-led-betriebsgeraet","8":"first","9":"instock","10":"taxable","11":"shipping-taxable","12":"product-type-simple"},"_links":{"self":[{"href":"https:\/\/www.arclite-shop.de\/fr\/wp-json\/wp\/v2\/product\/342438","targetHints":{"allow":["GET"]}}],"collection":[{"href":"https:\/\/www.arclite-shop.de\/fr\/wp-json\/wp\/v2\/product"}],"about":[{"href":"https:\/\/www.arclite-shop.de\/fr\/wp-json\/wp\/v2\/types\/product"}],"wp:featuredmedia":[{"embeddable":true,"href":"https:\/\/www.arclite-shop.de\/fr\/wp-json\/wp\/v2\/media\/368817"}],"wp:attachment":[{"href":"https:\/\/www.arclite-shop.de\/fr\/wp-json\/wp\/v2\/media?parent=342438"}],"wp:term":[{"taxonomy":"product_brand","embeddable":true,"href":"https:\/\/www.arclite-shop.de\/fr\/wp-json\/wp\/v2\/product_brand?post=342438"},{"taxonomy":"product_cat","embeddable":true,"href":"https:\/\/www.arclite-shop.de\/fr\/wp-json\/wp\/v2\/product_cat?post=342438"},{"taxonomy":"product_tag","embeddable":true,"href":"https:\/\/www.arclite-shop.de\/fr\/wp-json\/wp\/v2\/product_tag?post=342438"}],"curies":[{"name":"wp","href":"https:\/\/api.w.org\/{rel}","templated":true}]}}