{"id":342410,"date":"2024-10-31T10:32:47","date_gmt":"2024-10-31T09:32:47","guid":{"rendered":"https:\/\/www.arclite-shop.de\/produkt\/73-28002678\/"},"modified":"2026-04-18T17:13:24","modified_gmt":"2026-04-18T15:13:24","slug":"73-28002678","status":"publish","type":"product","link":"https:\/\/www.arclite-shop.de\/fr\/produkt\/73-28002678\/","title":{"rendered":"TRIDONIC LED Voltage Constante LC 150\/24V bDW SC PRE2   28002678"},"content":{"rendered":"<p>Dimmbarer 24 V Konstantspannungs-LED-Treiber f\u00fcr flexible Konstantspannungs-LED-Streifen<br \/>\nKann als Leuchteneinbau oder unabh\u00e4ngiger LED-Treiber mit aufschnappbarer Zugentlastung verwendet werden (siehe Datenblatt Kapitel: 1. Normen)<br \/>\nbasicDIM Wireless erm\u00f6glicht verschiedene Dimmm\u00f6glichkeiten<br \/>\nBaut automatisch ein drahtloses Kommunikationsnetzwerk auf mit bis zu 250 Nodes<br \/>\nDimmbereich von 1 \u2013 100 %<br \/>\nKein externer Dimmer notwendig<br \/>\nGeeignet f\u00fcr Sicherheitsbeleuchtungsanlagen gem\u00e4\u00df EN 50172<br \/>\nNominale Lebensdauer bis zu 50.000 h<br \/>\n5 Jahre Garantie<\/p>\n","protected":false},"excerpt":{"rendered":"<p>Dimmbarer 24 V Konstantspannungs-LED-Treiber f\u00fcr flexible Konstantspannungs-LED-Streifen Kann als Leuchteneinbau oder unabh\u00e4ngiger LED-Treiber mit aufschnappbarer Zugentlastung verwendet werden (siehe Datenblatt Kapitel: 1. Normen) basicDIM Wireless erm\u00f6glicht verschiedene Dimmm\u00f6glichkeiten Baut automatisch ein drahtloses Kommunikationsnetzwerk auf mit bis zu 250 Nodes Dimmbereich<span class=\"excerpt-hellip\"> [\u2026]<\/span><\/p>\n","protected":false},"featured_media":368865,"template":"","meta":[],"product_brand":[],"product_cat":[84631],"product_tag":[],"class_list":{"0":"post-342410","1":"product","2":"type-product","3":"status-publish","4":"has-post-thumbnail","6":"product_cat-led-betriebsgeraet","8":"first","9":"instock","10":"taxable","11":"shipping-taxable","12":"product-type-simple"},"_links":{"self":[{"href":"https:\/\/www.arclite-shop.de\/fr\/wp-json\/wp\/v2\/product\/342410","targetHints":{"allow":["GET"]}}],"collection":[{"href":"https:\/\/www.arclite-shop.de\/fr\/wp-json\/wp\/v2\/product"}],"about":[{"href":"https:\/\/www.arclite-shop.de\/fr\/wp-json\/wp\/v2\/types\/product"}],"wp:featuredmedia":[{"embeddable":true,"href":"https:\/\/www.arclite-shop.de\/fr\/wp-json\/wp\/v2\/media\/368865"}],"wp:attachment":[{"href":"https:\/\/www.arclite-shop.de\/fr\/wp-json\/wp\/v2\/media?parent=342410"}],"wp:term":[{"taxonomy":"product_brand","embeddable":true,"href":"https:\/\/www.arclite-shop.de\/fr\/wp-json\/wp\/v2\/product_brand?post=342410"},{"taxonomy":"product_cat","embeddable":true,"href":"https:\/\/www.arclite-shop.de\/fr\/wp-json\/wp\/v2\/product_cat?post=342410"},{"taxonomy":"product_tag","embeddable":true,"href":"https:\/\/www.arclite-shop.de\/fr\/wp-json\/wp\/v2\/product_tag?post=342410"}],"curies":[{"name":"wp","href":"https:\/\/api.w.org\/{rel}","templated":true}]}}