{"id":342228,"date":"2024-10-31T10:31:02","date_gmt":"2024-10-31T09:31:02","guid":{"rendered":"https:\/\/www.arclite-shop.de\/produkt\/73-28002053\/"},"modified":"2026-04-18T17:18:37","modified_gmt":"2026-04-18T15:18:37","slug":"73-28002053","status":"publish","type":"product","link":"https:\/\/www.arclite-shop.de\/fr\/produkt\/73-28002053\/","title":{"rendered":"TRIDONIC LED Driver \u00e0 courant constant LCI 150\/325-1050\/300 o4a SL PR\u00c9 28002053"},"content":{"rendered":"<p>Konstantstrom-LED-Treiber f\u00fcr den Leuchteneinbau, besonders geeignet f\u00fcr industrielle Anwendungen in rauen Umgebungen mit erh\u00f6hten Umgebungstemperaturen, wie zum Beispiel Kaltlagerhallen oder Fabriken, Dimmbereich von 1 \u2013 100 %, Ausgangsstrom einstellbar zwischen 325 \u2013 1.050 mA, Max. Ausgangsleistung 150 W, Spannungsspitzentauglich (Burst\/Surge) bis zu 4 kV, Erweiterter Temperaturbereich von -40 &#8230; +70 \u00b0C, Nominale Lebensdauer bis zu 100.000 h (bei ta 60 \u00b0C), 8 Jahre Garantie, Wei\u00dfes \u201eslim\u201c-Metallgeh\u00e4use, Schutzart IP20, one4all (DALI-2 DT 6, DSI, switchDIM, corridorFUNCTION V2), ready2mains (Konfigurieren und Dimmen \u00fcber Netz), Klemmen: 0\u00b0 Steckklemmen, Einstellbarer Ausgangsstrom in 1-mA-Schritten (I-SELECT Widerstand oder eD), Constant Light Output Funktion (CLO), Power-up Fading bei AC, Intelligent Temperature Guard (thermische Schutzvorrichtung), Intelligent Voltage Guard (\u00dcberspannungs- und Unterspannungs\u00fcberwachung), Schutzfunktionen (\u00dcbertemperatur, Kurzschluss, \u00dcberlast, Leerlauf, Eingangsspannungsbereich), Geeignet f\u00fcr Sicherheitsbeleuchtungsanlagen gem\u00e4\u00df EN 50172, Anwendungsorientiertes Betriebsfenster f\u00fcr max. Kompatibilit\u00e4t, Hohe Energieeinsparungen durch geringe Stand-by-Verluste, Flexible Konfiguration \u00fcber DALI, ready2mains und I-SELECT 2, Verbesserte Vibrationseigenschaft, Erh\u00f6hte Sicherheit durch robustes Design und erweiterte Testvorg\u00e4nge unter extremen Testbedingungen, Hohe Verl\u00e4sslichkeit durch die Auswahl exklusiver Komponenten, F\u00fcr Linear- und Fl\u00e4chenbeleuchtung in Industrieanwendungen<\/p>\n","protected":false},"excerpt":{"rendered":"<p>Konstantstrom-LED-Treiber f\u00fcr den Leuchteneinbau, besonders geeignet f\u00fcr industrielle Anwendungen in rauen Umgebungen mit erh\u00f6hten Umgebungstemperaturen, wie zum Beispiel Kaltlagerhallen oder Fabriken, Dimmbereich von 1 \u2013 100 %, Ausgangsstrom einstellbar zwischen 325 \u2013 1.050 mA, Max. Ausgangsleistung 150 W, Spannungsspitzentauglich (Burst\/Surge)<span class=\"excerpt-hellip\"> [\u2026]<\/span><\/p>\n","protected":false},"featured_media":369089,"template":"","meta":[],"product_brand":[],"product_cat":[84631],"product_tag":[],"class_list":{"0":"post-342228","1":"product","2":"type-product","3":"status-publish","4":"has-post-thumbnail","6":"product_cat-led-betriebsgeraet","8":"first","9":"outofstock","10":"taxable","11":"shipping-taxable","12":"product-type-simple"},"_links":{"self":[{"href":"https:\/\/www.arclite-shop.de\/fr\/wp-json\/wp\/v2\/product\/342228","targetHints":{"allow":["GET"]}}],"collection":[{"href":"https:\/\/www.arclite-shop.de\/fr\/wp-json\/wp\/v2\/product"}],"about":[{"href":"https:\/\/www.arclite-shop.de\/fr\/wp-json\/wp\/v2\/types\/product"}],"wp:featuredmedia":[{"embeddable":true,"href":"https:\/\/www.arclite-shop.de\/fr\/wp-json\/wp\/v2\/media\/369089"}],"wp:attachment":[{"href":"https:\/\/www.arclite-shop.de\/fr\/wp-json\/wp\/v2\/media?parent=342228"}],"wp:term":[{"taxonomy":"product_brand","embeddable":true,"href":"https:\/\/www.arclite-shop.de\/fr\/wp-json\/wp\/v2\/product_brand?post=342228"},{"taxonomy":"product_cat","embeddable":true,"href":"https:\/\/www.arclite-shop.de\/fr\/wp-json\/wp\/v2\/product_cat?post=342228"},{"taxonomy":"product_tag","embeddable":true,"href":"https:\/\/www.arclite-shop.de\/fr\/wp-json\/wp\/v2\/product_tag?post=342228"}],"curies":[{"name":"wp","href":"https:\/\/api.w.org\/{rel}","templated":true}]}}