{"id":342208,"date":"2024-10-31T10:30:51","date_gmt":"2024-10-31T09:30:51","guid":{"rendered":"https:\/\/www.arclite-shop.de\/produkt\/73-28001912\/"},"modified":"2026-04-18T17:19:06","modified_gmt":"2026-04-18T15:19:06","slug":"73-28001912","status":"publish","type":"product","link":"https:\/\/www.arclite-shop.de\/fr\/produkt\/73-28001912\/","title":{"rendered":"Pilote LED TRIDONIC \u00e0 courant constant LCA 100W 350-1050mA  CH lp PRE 28001912"},"content":{"rendered":"<p>Dimmbarer Vierkanal DALI DT6 Konstantstrom-LED-Treiber f\u00fcr den Leuchteneinbau, Dimmbereich von 1 \u2013 100 %, Geeignet f\u00fcr Leuchten der Schutzklasse I und der Schutzklasse II (Details siehe Datenblatt Kapitel 3.4), Ausgangsstrom einstellbar zwischen 350 \u2013 1.050 mA f\u00fcr jeden Kanal mit I-SELECT 2 Plugs oder DALI, Max. Ausgangsleistung 100 W, Bis zu 90 % Effizienz, Leistungsaufnahme im Stand-by &lt; 0, 25 W, Nominale Lebensdauer bis zu 100.000 h, 5 Jahre Garantie, \u201eLow profile\u201c-Metallgeh\u00e4use mit wei\u00dfem Oberteil, Schutzart IP20, one4all (DALI DT 6, DSI, switchDIM, corridorFUNCTION V2), proportionSWITCH, Klemmen: 0\u00b0 Steckklemmen, Einstellbarer Ausgangsstrom in 1-mA-Schritten (DALI, I-SELECT 2), Constant Light Output Funktion (CLO), proportionSWITCH mit vordefinierten Szenen (verschiedene Kanal-Dimmszenen w\u00e4hlbar), switchDIM und proportionSWITCH mit Memory-Funktion, Power-up Fading und fade2zero, Konfigurieren \u00fcber DALI, Schutzfunktionen (\u00dcbertemperatur, Kurzschluss, \u00dcberlast, Leerlauf, reduzierte Sto\u00dfstromverst\u00e4rkung), Intelligent Voltage Guard (\u00dcberspannungs- und Unterspannungs\u00fcberwachung), Geeignet f\u00fcr Sicherheitsbeleuchtungsanlagen gem\u00e4\u00df EN 50172, Anwendungsorientiertes Betriebsfenster f\u00fcr max. Kompatibilit\u00e4t, Hohe Energieeinsparungen durch geringe Stand-by-Verluste, Flexible Konfiguration \u00fcber DALI und I-SELECT 2, F\u00fcr Linear- und Fl\u00e4chenbeleuchtung im B\u00fcro- und Gesundheitsbereich, Direkte und indirekte Beleuchtungsanwendungen<\/p>\n","protected":false},"excerpt":{"rendered":"<p>Dimmbarer Vierkanal DALI DT6 Konstantstrom-LED-Treiber f\u00fcr den Leuchteneinbau, Dimmbereich von 1 \u2013 100 %, Geeignet f\u00fcr Leuchten der Schutzklasse I und der Schutzklasse II (Details siehe Datenblatt Kapitel 3.4), Ausgangsstrom einstellbar zwischen 350 \u2013 1.050 mA f\u00fcr jeden Kanal mit<span class=\"excerpt-hellip\"> [\u2026]<\/span><\/p>\n","protected":false},"featured_media":369109,"template":"","meta":[],"product_brand":[],"product_cat":[84631],"product_tag":[],"class_list":{"0":"post-342208","1":"product","2":"type-product","3":"status-publish","4":"has-post-thumbnail","6":"product_cat-led-betriebsgeraet","8":"first","9":"instock","10":"taxable","11":"shipping-taxable","12":"product-type-simple"},"_links":{"self":[{"href":"https:\/\/www.arclite-shop.de\/fr\/wp-json\/wp\/v2\/product\/342208","targetHints":{"allow":["GET"]}}],"collection":[{"href":"https:\/\/www.arclite-shop.de\/fr\/wp-json\/wp\/v2\/product"}],"about":[{"href":"https:\/\/www.arclite-shop.de\/fr\/wp-json\/wp\/v2\/types\/product"}],"wp:featuredmedia":[{"embeddable":true,"href":"https:\/\/www.arclite-shop.de\/fr\/wp-json\/wp\/v2\/media\/369109"}],"wp:attachment":[{"href":"https:\/\/www.arclite-shop.de\/fr\/wp-json\/wp\/v2\/media?parent=342208"}],"wp:term":[{"taxonomy":"product_brand","embeddable":true,"href":"https:\/\/www.arclite-shop.de\/fr\/wp-json\/wp\/v2\/product_brand?post=342208"},{"taxonomy":"product_cat","embeddable":true,"href":"https:\/\/www.arclite-shop.de\/fr\/wp-json\/wp\/v2\/product_cat?post=342208"},{"taxonomy":"product_tag","embeddable":true,"href":"https:\/\/www.arclite-shop.de\/fr\/wp-json\/wp\/v2\/product_tag?post=342208"}],"curies":[{"name":"wp","href":"https:\/\/api.w.org\/{rel}","templated":true}]}}