{"id":342161,"date":"2024-10-31T10:30:24","date_gmt":"2024-10-31T09:30:24","guid":{"rendered":"https:\/\/www.arclite-shop.de\/produkt\/73-28001436\/"},"modified":"2026-04-18T17:20:30","modified_gmt":"2026-04-18T15:20:30","slug":"73-28001436","status":"publish","type":"product","link":"https:\/\/www.arclite-shop.de\/fr\/produkt\/73-28001436\/","title":{"rendered":"TRIDONIC LED Voltage Constante LCA 100W 24V One4all LP PRE 28001436"},"content":{"rendered":"<p>Dimmbarer 24 V Konstantspannungs-LED-Treiber f\u00fcr flexible Konstantspannungs-LED-Streifen, one4all Interface und ready2mains erm\u00f6glichen verschiedene Dimmm\u00f6glichkeiten, Dimmbereich von 1 \u2013 100 %, Kein externer Dimmer notwendig, Geeignet f\u00fcr Sicherheitsbeleuchtungsanlagen gem\u00e4\u00df EN 50172, Nominale Lebensdauer bis zu 50.000 h, 5 Jahre Garantie, Voutenbeleuchtung, Fassaden-Akzentbeleuchtung, indirekte Deckenbeleuchtung, 24 V, 100 W, Kleiner Querschnitt, Steckklemmen zur einfachen Verdrahtung, Ausgangsklemmen (+\/\u2013) zweifach ausgef\u00fchrt f\u00fcr mehr Flexibilt\u00e4t in der Anwendung, one4all (DALI DT 6, DSI, switchDIM, corridorFUNCTION), ready2mains (Konfigurieren und Dimmen \u00fcber Netz), Klemmen: 45\u00b0 Steckklemmen, Tridonic LLE-FLEX ADV 600, 1.200, 1.800 lm\/m, Tridonic LLE-FLEX EXC 600, 1.200, 1.800, 2.500 lm\/m, In Verbindung mit Flex-Zubeh\u00f6r Wire to PCB Stecker, Die einwandfreie Funktion von Fremdmodulen bei niedrigem Dimmlevel kann nicht garantiert werden und wird nicht empfohlen<\/p>\n","protected":false},"excerpt":{"rendered":"<p>Dimmbarer 24 V Konstantspannungs-LED-Treiber f\u00fcr flexible Konstantspannungs-LED-Streifen, one4all Interface und ready2mains erm\u00f6glichen verschiedene Dimmm\u00f6glichkeiten, Dimmbereich von 1 \u2013 100 %, Kein externer Dimmer notwendig, Geeignet f\u00fcr Sicherheitsbeleuchtungsanlagen gem\u00e4\u00df EN 50172, Nominale Lebensdauer bis zu 50.000 h, 5 Jahre Garantie, Voutenbeleuchtung,<span class=\"excerpt-hellip\"> [\u2026]<\/span><\/p>\n","protected":false},"featured_media":369171,"template":"","meta":[],"product_brand":[],"product_cat":[84631],"product_tag":[],"class_list":{"0":"post-342161","1":"product","2":"type-product","3":"status-publish","4":"has-post-thumbnail","6":"product_cat-led-betriebsgeraet","8":"first","9":"outofstock","10":"taxable","11":"shipping-taxable","12":"product-type-simple"},"_links":{"self":[{"href":"https:\/\/www.arclite-shop.de\/fr\/wp-json\/wp\/v2\/product\/342161","targetHints":{"allow":["GET"]}}],"collection":[{"href":"https:\/\/www.arclite-shop.de\/fr\/wp-json\/wp\/v2\/product"}],"about":[{"href":"https:\/\/www.arclite-shop.de\/fr\/wp-json\/wp\/v2\/types\/product"}],"wp:featuredmedia":[{"embeddable":true,"href":"https:\/\/www.arclite-shop.de\/fr\/wp-json\/wp\/v2\/media\/369171"}],"wp:attachment":[{"href":"https:\/\/www.arclite-shop.de\/fr\/wp-json\/wp\/v2\/media?parent=342161"}],"wp:term":[{"taxonomy":"product_brand","embeddable":true,"href":"https:\/\/www.arclite-shop.de\/fr\/wp-json\/wp\/v2\/product_brand?post=342161"},{"taxonomy":"product_cat","embeddable":true,"href":"https:\/\/www.arclite-shop.de\/fr\/wp-json\/wp\/v2\/product_cat?post=342161"},{"taxonomy":"product_tag","embeddable":true,"href":"https:\/\/www.arclite-shop.de\/fr\/wp-json\/wp\/v2\/product_tag?post=342161"}],"curies":[{"name":"wp","href":"https:\/\/api.w.org\/{rel}","templated":true}]}}